{"id":712,"date":"2017-08-20T12:17:05","date_gmt":"2017-08-20T10:17:05","guid":{"rendered":"https:\/\/pico-one.ch\/street-one\/?page_id=712"},"modified":"2024-03-19T17:20:52","modified_gmt":"2024-03-19T16:20:52","slug":"ueber-street-one","status":"publish","type":"page","link":"https:\/\/pico-one.ch\/street-one\/ueber-street-one\/","title":{"rendered":"\u00dcber Street One"},"content":{"rendered":"<div class=\"wpb-content-wrapper\"><p>[vc_row row_type=&#8220;row&#8220; use_row_as_full_screen_section=&#8220;no&#8220; type=&#8220;full_width&#8220; text_align=&#8220;left&#8220; background_animation=&#8220;none&#8220; css_animation=&#8220;&#8220;][vc_column][vc_raw_html]JTNDYSUyMGRhdGEtcV9pZCUzRCUyMiUyM2NvbnRlbnQlMjIlMjBjbGFzcyUzRCUyMmFuY2hvci1jb250ZW50JTIyJTNFJTNDJTJGYSUzRQ==[\/vc_raw_html][vc_empty_space height=&#8220;35px&#8220;][\/vc_column][\/vc_row][vc_row row_type=&#8220;row&#8220; use_row_as_full_screen_section=&#8220;no&#8220; type=&#8220;full_width&#8220; text_align=&#8220;left&#8220; background_animation=&#8220;none&#8220; css_animation=&#8220;&#8220;][vc_column width=&#8220;1\/2&#8243;][vc_column_text]<img loading=\"lazy\" decoding=\"async\" class=\" wp-image-1957\" src=\"https:\/\/pico-one.ch\/street-one\/wp-content\/uploads\/sites\/3\/2024\/03\/Street-One-0324-10-200x300.jpg\" alt=\"\" width=\"472\" height=\"708\" srcset=\"https:\/\/pico-one.ch\/street-one\/wp-content\/uploads\/sites\/3\/2024\/03\/Street-One-0324-10-200x300.jpg 200w, https:\/\/pico-one.ch\/street-one\/wp-content\/uploads\/sites\/3\/2024\/03\/Street-One-0324-10-683x1024.jpg 683w, https:\/\/pico-one.ch\/street-one\/wp-content\/uploads\/sites\/3\/2024\/03\/Street-One-0324-10-768x1151.jpg 768w, https:\/\/pico-one.ch\/street-one\/wp-content\/uploads\/sites\/3\/2024\/03\/Street-One-0324-10-1025x1536.jpg 1025w, https:\/\/pico-one.ch\/street-one\/wp-content\/uploads\/sites\/3\/2024\/03\/Street-One-0324-10-700x1049.jpg 700w, https:\/\/pico-one.ch\/street-one\/wp-content\/uploads\/sites\/3\/2024\/03\/Street-One-0324-10-1100x1649.jpg 1100w, https:\/\/pico-one.ch\/street-one\/wp-content\/uploads\/sites\/3\/2024\/03\/Street-One-0324-10.jpg 1332w\" sizes=\"auto, (max-width: 472px) 100vw, 472px\" \/>[\/vc_column_text][\/vc_column][vc_column width=&#8220;1\/2&#8243;][vc_column_text]<\/p>\n<h1>\u00dcber<\/h1>\n<h2>Street One by Pico One<\/h2>\n<p>Die Vision trendgenaue Mode schnell zu liefern hatten die Unternehmensgr\u00fcnder der Marke Street One bereits 1983. Von damals bis heute f\u00fcllt das gesamte Street One Team diese Vision mit Leben, Kreativit\u00e4t und Feingef\u00fchl f\u00fcr Trends. Aber auch mit viel Disziplin und klaren, durchorganisierten Prozessen. Denn nur so k\u00f6nnen zw\u00f6lf Kollektionen im Jahr an \u00fcber 4200 Verkaufspunkte in ganz Europa so schnell geliefert werden. Die Philosophie f\u00fcr das Easy-to-wear Feeling an 365 Tagen \u2013 daf\u00fcr steht die Marke Street One mit klaren, trendgenauen und ausgesuchten Lieblingsst\u00fccken f\u00fcr einen l\u00e4ssigen und femininen Look. Das Street One Team lebt und liebt die N\u00e4he zur Kundin \u2013 nur so gelingt es sie mit 12 Kollektionen im Jahr immer wieder aufs Neue zu \u00fcberraschen und genau das richtige Produkt zum richtigen Zeitpunkt zu liefern. Heute geh\u00f6rt Street One zu einer der f\u00fchrenden und erfolgreichsten Marken im Contemporary Fashion Segment.<br \/>\n<a href=\"https:\/\/pico-one.ch\/street-one\/filialen-schweiz\/\"><button class=\"cta1\"><i class=\"fas fa-map-marker-alt\"><\/i> Standorte<\/button><\/a><a href=\"https:\/\/pico-one.ch\/street-one\/kontakt\/\"><button class=\"cta1\"><i class=\"fas fa-envelope\"><\/i> Kontakt<\/button><\/a>[\/vc_column_text][\/vc_column][\/vc_row][vc_row row_type=&#8220;row&#8220; use_row_as_full_screen_section=&#8220;no&#8220; type=&#8220;full_width&#8220; text_align=&#8220;left&#8220; background_animation=&#8220;none&#8220; css_animation=&#8220;&#8220;][vc_column][vc_empty_space height=&#8220;64px&#8220;][\/vc_column][\/vc_row]<\/p>\n<\/div>","protected":false},"excerpt":{"rendered":"<p>[vc_row row_type=&#8220;row&#8220; use_row_as_full_screen_section=&#8220;no&#8220; type=&#8220;full_width&#8220; text_align=&#8220;left&#8220; background_animation=&#8220;none&#8220; css_animation=&#8220;&#8220;][vc_column][vc_raw_html]JTNDYSUyMGRhdGEtcV9pZCUzRCUyMiUyM2NvbnRlbnQlMjIlMjBjbGFzcyUzRCUyMmFuY2hvci1jb250ZW50JTIyJTNFJTNDJTJGYSUzRQ==[\/vc_raw_html][vc_empty_space height=&#8220;35px&#8220;][\/vc_column][\/vc_row][vc_row row_type=&#8220;row&#8220; use_row_as_full_screen_section=&#8220;no&#8220; type=&#8220;full_width&#8220; text_align=&#8220;left&#8220; background_animation=&#8220;none&#8220; css_animation=&#8220;&#8220;][vc_column width=&#8220;1\/2&#8243;][vc_column_text][\/vc_column_text][\/vc_column][vc_column width=&#8220;1\/2&#8243;][vc_column_text] \u00dcber Street One by Pico One Die Vision trendgenaue Mode schnell zu liefern hatten die Unternehmensgr\u00fcnder der Marke Street One bereits 1983. Von damals bis heute f\u00fcllt das gesamte&#8230;<\/p>\n","protected":false},"author":1,"featured_media":0,"parent":0,"menu_order":0,"comment_status":"closed","ping_status":"closed","template":"","meta":{"inline_featured_image":false,"footnotes":""},"class_list":["post-712","page","type-page","status-publish","hentry"],"yoast_head":"<!-- This site is optimized with the Yoast SEO plugin v27.4 - https:\/\/yoast.com\/product\/yoast-seo-wordpress\/ -->\n<title>\u00dcber Street One - Street One<\/title>\n<meta name=\"description\" content=\"concept stores for men and women with a whide range of international fashion brands located in zurich\" \/>\n<meta name=\"robots\" content=\"index, follow, max-snippet:-1, max-image-preview:large, max-video-preview:-1\" \/>\n<link rel=\"canonical\" href=\"https:\/\/pico-one.ch\/street-one\/ueber-street-one\/\" \/>\n<meta property=\"og:locale\" content=\"de_DE\" \/>\n<meta property=\"og:type\" content=\"article\" \/>\n<meta property=\"og:title\" content=\"\u00dcber Street One - Street One\" \/>\n<meta property=\"og:description\" content=\"concept stores for men and women with a whide range of international fashion brands located in zurich\" \/>\n<meta property=\"og:url\" content=\"https:\/\/pico-one.ch\/street-one\/ueber-street-one\/\" \/>\n<meta property=\"og:site_name\" content=\"Street One\" \/>\n<meta property=\"article:modified_time\" content=\"2024-03-19T16:20:52+00:00\" \/>\n<meta property=\"og:image\" content=\"https:\/\/pico-one.ch\/street-one\/wp-content\/uploads\/sites\/3\/2024\/03\/Street-One-0324-10-200x300.jpg\" \/>\n<meta name=\"twitter:card\" content=\"summary_large_image\" \/>\n<meta name=\"twitter:label1\" content=\"Gesch\u00e4tzte Lesezeit\" \/>\n\t<meta name=\"twitter:data1\" content=\"2\u00a0Minuten\" \/>\n<script type=\"application\/ld+json\" class=\"yoast-schema-graph\">{\"@context\":\"https:\\\/\\\/schema.org\",\"@graph\":[{\"@type\":\"WebPage\",\"@id\":\"https:\\\/\\\/pico-one.ch\\\/street-one\\\/ueber-street-one\\\/\",\"url\":\"https:\\\/\\\/pico-one.ch\\\/street-one\\\/ueber-street-one\\\/\",\"name\":\"\u00dcber Street One - Street One\",\"isPartOf\":{\"@id\":\"https:\\\/\\\/pico-one.ch\\\/street-one\\\/#website\"},\"primaryImageOfPage\":{\"@id\":\"https:\\\/\\\/pico-one.ch\\\/street-one\\\/ueber-street-one\\\/#primaryimage\"},\"image\":{\"@id\":\"https:\\\/\\\/pico-one.ch\\\/street-one\\\/ueber-street-one\\\/#primaryimage\"},\"thumbnailUrl\":\"https:\\\/\\\/pico-one.ch\\\/street-one\\\/wp-content\\\/uploads\\\/sites\\\/3\\\/2024\\\/03\\\/Street-One-0324-10-200x300.jpg\",\"datePublished\":\"2017-08-20T10:17:05+00:00\",\"dateModified\":\"2024-03-19T16:20:52+00:00\",\"description\":\"concept stores for men and women with a whide range of international fashion brands located in zurich\",\"breadcrumb\":{\"@id\":\"https:\\\/\\\/pico-one.ch\\\/street-one\\\/ueber-street-one\\\/#breadcrumb\"},\"inLanguage\":\"de\",\"potentialAction\":[{\"@type\":\"ReadAction\",\"target\":[\"https:\\\/\\\/pico-one.ch\\\/street-one\\\/ueber-street-one\\\/\"]}]},{\"@type\":\"ImageObject\",\"inLanguage\":\"de\",\"@id\":\"https:\\\/\\\/pico-one.ch\\\/street-one\\\/ueber-street-one\\\/#primaryimage\",\"url\":\"https:\\\/\\\/pico-one.ch\\\/street-one\\\/wp-content\\\/uploads\\\/sites\\\/3\\\/2024\\\/03\\\/Street-One-0324-10.jpg\",\"contentUrl\":\"https:\\\/\\\/pico-one.ch\\\/street-one\\\/wp-content\\\/uploads\\\/sites\\\/3\\\/2024\\\/03\\\/Street-One-0324-10.jpg\",\"width\":1332,\"height\":1997,\"caption\":\"Kampagnenbild\"},{\"@type\":\"BreadcrumbList\",\"@id\":\"https:\\\/\\\/pico-one.ch\\\/street-one\\\/ueber-street-one\\\/#breadcrumb\",\"itemListElement\":[{\"@type\":\"ListItem\",\"position\":1,\"name\":\"Home\",\"item\":\"https:\\\/\\\/pico-one.ch\\\/street-one\\\/\"},{\"@type\":\"ListItem\",\"position\":2,\"name\":\"\u00dcber Street One\"}]},{\"@type\":\"WebSite\",\"@id\":\"https:\\\/\\\/pico-one.ch\\\/street-one\\\/#website\",\"url\":\"https:\\\/\\\/pico-one.ch\\\/street-one\\\/\",\"name\":\"Street One\",\"description\":\"Street One Luzern\u2013Baden\u2013Emmenbr\u00fccke\u2013Solothurn\",\"potentialAction\":[{\"@type\":\"SearchAction\",\"target\":{\"@type\":\"EntryPoint\",\"urlTemplate\":\"https:\\\/\\\/pico-one.ch\\\/street-one\\\/?s={search_term_string}\"},\"query-input\":{\"@type\":\"PropertyValueSpecification\",\"valueRequired\":true,\"valueName\":\"search_term_string\"}}],\"inLanguage\":\"de\"}]}<\/script>\n<!-- \/ Yoast SEO plugin. -->","yoast_head_json":{"title":"\u00dcber Street One - Street One","description":"concept stores for men and women with a whide range of international fashion brands located in zurich","robots":{"index":"index","follow":"follow","max-snippet":"max-snippet:-1","max-image-preview":"max-image-preview:large","max-video-preview":"max-video-preview:-1"},"canonical":"https:\/\/pico-one.ch\/street-one\/ueber-street-one\/","og_locale":"de_DE","og_type":"article","og_title":"\u00dcber Street One - Street One","og_description":"concept stores for men and women with a whide range of international fashion brands located in zurich","og_url":"https:\/\/pico-one.ch\/street-one\/ueber-street-one\/","og_site_name":"Street One","article_modified_time":"2024-03-19T16:20:52+00:00","og_image":[{"url":"https:\/\/pico-one.ch\/street-one\/wp-content\/uploads\/sites\/3\/2024\/03\/Street-One-0324-10-200x300.jpg","type":"","width":"","height":""}],"twitter_card":"summary_large_image","twitter_misc":{"Gesch\u00e4tzte Lesezeit":"2\u00a0Minuten"},"schema":{"@context":"https:\/\/schema.org","@graph":[{"@type":"WebPage","@id":"https:\/\/pico-one.ch\/street-one\/ueber-street-one\/","url":"https:\/\/pico-one.ch\/street-one\/ueber-street-one\/","name":"\u00dcber Street One - Street One","isPartOf":{"@id":"https:\/\/pico-one.ch\/street-one\/#website"},"primaryImageOfPage":{"@id":"https:\/\/pico-one.ch\/street-one\/ueber-street-one\/#primaryimage"},"image":{"@id":"https:\/\/pico-one.ch\/street-one\/ueber-street-one\/#primaryimage"},"thumbnailUrl":"https:\/\/pico-one.ch\/street-one\/wp-content\/uploads\/sites\/3\/2024\/03\/Street-One-0324-10-200x300.jpg","datePublished":"2017-08-20T10:17:05+00:00","dateModified":"2024-03-19T16:20:52+00:00","description":"concept stores for men and women with a whide range of international fashion brands located in zurich","breadcrumb":{"@id":"https:\/\/pico-one.ch\/street-one\/ueber-street-one\/#breadcrumb"},"inLanguage":"de","potentialAction":[{"@type":"ReadAction","target":["https:\/\/pico-one.ch\/street-one\/ueber-street-one\/"]}]},{"@type":"ImageObject","inLanguage":"de","@id":"https:\/\/pico-one.ch\/street-one\/ueber-street-one\/#primaryimage","url":"https:\/\/pico-one.ch\/street-one\/wp-content\/uploads\/sites\/3\/2024\/03\/Street-One-0324-10.jpg","contentUrl":"https:\/\/pico-one.ch\/street-one\/wp-content\/uploads\/sites\/3\/2024\/03\/Street-One-0324-10.jpg","width":1332,"height":1997,"caption":"Kampagnenbild"},{"@type":"BreadcrumbList","@id":"https:\/\/pico-one.ch\/street-one\/ueber-street-one\/#breadcrumb","itemListElement":[{"@type":"ListItem","position":1,"name":"Home","item":"https:\/\/pico-one.ch\/street-one\/"},{"@type":"ListItem","position":2,"name":"\u00dcber Street One"}]},{"@type":"WebSite","@id":"https:\/\/pico-one.ch\/street-one\/#website","url":"https:\/\/pico-one.ch\/street-one\/","name":"Street One","description":"Street One Luzern\u2013Baden\u2013Emmenbr\u00fccke\u2013Solothurn","potentialAction":[{"@type":"SearchAction","target":{"@type":"EntryPoint","urlTemplate":"https:\/\/pico-one.ch\/street-one\/?s={search_term_string}"},"query-input":{"@type":"PropertyValueSpecification","valueRequired":true,"valueName":"search_term_string"}}],"inLanguage":"de"}]}},"_links":{"self":[{"href":"https:\/\/pico-one.ch\/street-one\/wp-json\/wp\/v2\/pages\/712","targetHints":{"allow":["GET"]}}],"collection":[{"href":"https:\/\/pico-one.ch\/street-one\/wp-json\/wp\/v2\/pages"}],"about":[{"href":"https:\/\/pico-one.ch\/street-one\/wp-json\/wp\/v2\/types\/page"}],"author":[{"embeddable":true,"href":"https:\/\/pico-one.ch\/street-one\/wp-json\/wp\/v2\/users\/1"}],"replies":[{"embeddable":true,"href":"https:\/\/pico-one.ch\/street-one\/wp-json\/wp\/v2\/comments?post=712"}],"version-history":[{"count":33,"href":"https:\/\/pico-one.ch\/street-one\/wp-json\/wp\/v2\/pages\/712\/revisions"}],"predecessor-version":[{"id":1958,"href":"https:\/\/pico-one.ch\/street-one\/wp-json\/wp\/v2\/pages\/712\/revisions\/1958"}],"wp:attachment":[{"href":"https:\/\/pico-one.ch\/street-one\/wp-json\/wp\/v2\/media?parent=712"}],"curies":[{"name":"wp","href":"https:\/\/api.w.org\/{rel}","templated":true}]}}