{"id":706,"date":"2017-08-20T12:15:54","date_gmt":"2017-08-20T10:15:54","guid":{"rendered":"https:\/\/pico-one.ch\/street-one\/?page_id=706"},"modified":"2024-03-19T17:07:22","modified_gmt":"2024-03-19T16:07:22","slug":"kollektion","status":"publish","type":"page","link":"https:\/\/pico-one.ch\/street-one\/","title":{"rendered":"Home"},"content":{"rendered":"<div class=\"wpb-content-wrapper\"><p>[vc_row row_type=&#8220;row&#8220; use_row_as_full_screen_section=&#8220;no&#8220; type=&#8220;full_width&#8220; text_align=&#8220;left&#8220; background_animation=&#8220;none&#8220; css_animation=&#8220;&#8220;][vc_column][vc_raw_html]JTNDYSUyMGRhdGEtcV9pZCUzRCUyMiUyM2NvbnRlbnQlMjIlMjBjbGFzcyUzRCUyMmFuY2hvci1jb250ZW50JTIyJTNFJTNDJTJGYSUzRQ==[\/vc_raw_html][vc_empty_space height=&#8220;35px&#8220;][\/vc_column][\/vc_row][vc_row row_type=&#8220;row&#8220; use_row_as_full_screen_section=&#8220;no&#8220; type=&#8220;full_width&#8220; text_align=&#8220;left&#8220; background_animation=&#8220;none&#8220; css_animation=&#8220;&#8220;][vc_column width=&#8220;1\/2&#8243;][vc_column_text]<img loading=\"lazy\" decoding=\"async\" class=\" wp-image-1945\" src=\"https:\/\/pico-one.ch\/street-one\/wp-content\/uploads\/sites\/3\/2017\/08\/Street-One-0324-12-200x300.jpg\" alt=\"\" width=\"485\" height=\"728\" srcset=\"https:\/\/pico-one.ch\/street-one\/wp-content\/uploads\/sites\/3\/2017\/08\/Street-One-0324-12-200x300.jpg 200w, https:\/\/pico-one.ch\/street-one\/wp-content\/uploads\/sites\/3\/2017\/08\/Street-One-0324-12-683x1024.jpg 683w, https:\/\/pico-one.ch\/street-one\/wp-content\/uploads\/sites\/3\/2017\/08\/Street-One-0324-12-768x1151.jpg 768w, https:\/\/pico-one.ch\/street-one\/wp-content\/uploads\/sites\/3\/2017\/08\/Street-One-0324-12-1025x1536.jpg 1025w, https:\/\/pico-one.ch\/street-one\/wp-content\/uploads\/sites\/3\/2017\/08\/Street-One-0324-12-700x1049.jpg 700w, https:\/\/pico-one.ch\/street-one\/wp-content\/uploads\/sites\/3\/2017\/08\/Street-One-0324-12-1100x1649.jpg 1100w, https:\/\/pico-one.ch\/street-one\/wp-content\/uploads\/sites\/3\/2017\/08\/Street-One-0324-12.jpg 1334w\" sizes=\"auto, (max-width: 485px) 100vw, 485px\" \/><\/p>\n<p><img loading=\"lazy\" decoding=\"async\" class=\" wp-image-1947\" src=\"https:\/\/pico-one.ch\/street-one\/wp-content\/uploads\/sites\/3\/2017\/08\/Street-One-0324-14-200x300.jpg\" alt=\"\" width=\"485\" height=\"728\" srcset=\"https:\/\/pico-one.ch\/street-one\/wp-content\/uploads\/sites\/3\/2017\/08\/Street-One-0324-14-200x300.jpg 200w, https:\/\/pico-one.ch\/street-one\/wp-content\/uploads\/sites\/3\/2017\/08\/Street-One-0324-14-683x1024.jpg 683w, https:\/\/pico-one.ch\/street-one\/wp-content\/uploads\/sites\/3\/2017\/08\/Street-One-0324-14-768x1151.jpg 768w, https:\/\/pico-one.ch\/street-one\/wp-content\/uploads\/sites\/3\/2017\/08\/Street-One-0324-14-1025x1536.jpg 1025w, https:\/\/pico-one.ch\/street-one\/wp-content\/uploads\/sites\/3\/2017\/08\/Street-One-0324-14-1366x2048.jpg 1366w, https:\/\/pico-one.ch\/street-one\/wp-content\/uploads\/sites\/3\/2017\/08\/Street-One-0324-14-700x1049.jpg 700w, https:\/\/pico-one.ch\/street-one\/wp-content\/uploads\/sites\/3\/2017\/08\/Street-One-0324-14-1100x1649.jpg 1100w, https:\/\/pico-one.ch\/street-one\/wp-content\/uploads\/sites\/3\/2017\/08\/Street-One-0324-14.jpg 1701w\" sizes=\"auto, (max-width: 485px) 100vw, 485px\" \/>[\/vc_column_text][\/vc_column][vc_column width=&#8220;1\/2&#8243;][vc_column_text]<\/p>\n<h1>Neue Kollektionen<\/h1>\n<h2>Street One by Pico One<\/h2>\n<p>In dieser neuen Saison pr\u00e4sentieren wir eine Kollektion, die verschiedene Stile und Stoffe kombiniert, von l\u00e4ssig bis sportlich, sowie glamour\u00f6se St\u00fccke. Diese Kollektion umfasst eine vielf\u00e4ltige Palette an Optionen, die sicherstellen, dass f\u00fcr jeden Geschmack und Anlass etwas dabei ist. Entdecken Sie Kleidung und Accessoires, die Ihre Garderobe mit Vielseitigkeit und Raffinesse bereichern. Bleiben Sie stets auf dem neuesten Stand der Trends und dr\u00fccken Sie Ihren einzigartigen Stil. Entdecken Sie das perfekte Gleichgewicht aus Komfort, Eleganz und trendweisender Mode in unseren L\u00e4den. Jetzt einkaufen und Ihren Look f\u00fcr die kommende Saison neu definieren!<br \/>\n<a href=\"https:\/\/pico-one.ch\/street-one\/filialen-schweiz\/\"><button class=\"cta1\"><i class=\"fas fa-map-marker-alt\"><\/i> Standorte<\/button><\/a><\/p>\n<p><img loading=\"lazy\" decoding=\"async\" class=\" wp-image-1946\" src=\"https:\/\/pico-one.ch\/street-one\/wp-content\/uploads\/sites\/3\/2017\/08\/Street-One-0324-13-200x300.jpg\" alt=\"\" width=\"603\" height=\"905\" srcset=\"https:\/\/pico-one.ch\/street-one\/wp-content\/uploads\/sites\/3\/2017\/08\/Street-One-0324-13-200x300.jpg 200w, https:\/\/pico-one.ch\/street-one\/wp-content\/uploads\/sites\/3\/2017\/08\/Street-One-0324-13-683x1024.jpg 683w, https:\/\/pico-one.ch\/street-one\/wp-content\/uploads\/sites\/3\/2017\/08\/Street-One-0324-13-768x1151.jpg 768w, https:\/\/pico-one.ch\/street-one\/wp-content\/uploads\/sites\/3\/2017\/08\/Street-One-0324-13-1025x1536.jpg 1025w, https:\/\/pico-one.ch\/street-one\/wp-content\/uploads\/sites\/3\/2017\/08\/Street-One-0324-13-700x1049.jpg 700w, https:\/\/pico-one.ch\/street-one\/wp-content\/uploads\/sites\/3\/2017\/08\/Street-One-0324-13-1100x1649.jpg 1100w, https:\/\/pico-one.ch\/street-one\/wp-content\/uploads\/sites\/3\/2017\/08\/Street-One-0324-13.jpg 1304w\" sizes=\"auto, (max-width: 603px) 100vw, 603px\" \/>[\/vc_column_text][\/vc_column][\/vc_row][vc_row row_type=&#8220;row&#8220; use_row_as_full_screen_section=&#8220;no&#8220; type=&#8220;full_width&#8220; text_align=&#8220;left&#8220; background_animation=&#8220;none&#8220; css_animation=&#8220;&#8220;][vc_column][vc_empty_space height=&#8220;64px&#8220;][\/vc_column][\/vc_row]<\/p>\n<\/div>","protected":false},"excerpt":{"rendered":"<p>[vc_row row_type=&#8220;row&#8220; use_row_as_full_screen_section=&#8220;no&#8220; type=&#8220;full_width&#8220; text_align=&#8220;left&#8220; background_animation=&#8220;none&#8220; css_animation=&#8220;&#8220;][vc_column][vc_raw_html]JTNDYSUyMGRhdGEtcV9pZCUzRCUyMiUyM2NvbnRlbnQlMjIlMjBjbGFzcyUzRCUyMmFuY2hvci1jb250ZW50JTIyJTNFJTNDJTJGYSUzRQ==[\/vc_raw_html][vc_empty_space height=&#8220;35px&#8220;][\/vc_column][\/vc_row][vc_row row_type=&#8220;row&#8220; use_row_as_full_screen_section=&#8220;no&#8220; type=&#8220;full_width&#8220; text_align=&#8220;left&#8220; background_animation=&#8220;none&#8220; css_animation=&#8220;&#8220;][vc_column width=&#8220;1\/2&#8243;][vc_column_text] [\/vc_column_text][\/vc_column][vc_column width=&#8220;1\/2&#8243;][vc_column_text] Neue Kollektionen Street One by Pico One In dieser neuen Saison pr\u00e4sentieren wir eine Kollektion, die verschiedene Stile und Stoffe kombiniert, von l\u00e4ssig bis sportlich, sowie glamour\u00f6se St\u00fccke&#8230;.<\/p>\n","protected":false},"author":1,"featured_media":0,"parent":0,"menu_order":0,"comment_status":"closed","ping_status":"closed","template":"","meta":{"inline_featured_image":false,"footnotes":""},"class_list":["post-706","page","type-page","status-publish","hentry"],"yoast_head":"<!-- This site is optimized with the Yoast SEO plugin v27.4 - https:\/\/yoast.com\/product\/yoast-seo-wordpress\/ -->\n<title>Home - Street One<\/title>\n<meta name=\"description\" content=\"Junge Damenmode zum Wohlf\u00fchlen\" \/>\n<meta name=\"robots\" content=\"index, follow, max-snippet:-1, max-image-preview:large, max-video-preview:-1\" \/>\n<link rel=\"canonical\" href=\"https:\/\/pico-one.ch\/street-one\/\" \/>\n<meta property=\"og:locale\" content=\"de_DE\" \/>\n<meta property=\"og:type\" content=\"article\" \/>\n<meta property=\"og:title\" content=\"Home - Street One\" \/>\n<meta property=\"og:description\" content=\"Junge Damenmode zum Wohlf\u00fchlen\" \/>\n<meta property=\"og:url\" content=\"https:\/\/pico-one.ch\/street-one\/\" \/>\n<meta property=\"og:site_name\" content=\"Street One\" \/>\n<meta property=\"article:modified_time\" content=\"2024-03-19T16:07:22+00:00\" \/>\n<meta property=\"og:image\" content=\"https:\/\/pico-one.ch\/street-one\/wp-content\/uploads\/sites\/3\/2017\/08\/Street-One-0324-12-200x300.jpg\" \/>\n<meta name=\"twitter:card\" content=\"summary_large_image\" \/>\n<meta name=\"twitter:label1\" content=\"Gesch\u00e4tzte Lesezeit\" \/>\n\t<meta name=\"twitter:data1\" content=\"2\u00a0Minuten\" \/>\n<script type=\"application\/ld+json\" class=\"yoast-schema-graph\">{\"@context\":\"https:\\\/\\\/schema.org\",\"@graph\":[{\"@type\":\"WebPage\",\"@id\":\"https:\\\/\\\/pico-one.ch\\\/street-one\\\/\",\"url\":\"https:\\\/\\\/pico-one.ch\\\/street-one\\\/\",\"name\":\"Home - Street One\",\"isPartOf\":{\"@id\":\"https:\\\/\\\/pico-one.ch\\\/street-one\\\/#website\"},\"primaryImageOfPage\":{\"@id\":\"https:\\\/\\\/pico-one.ch\\\/street-one\\\/#primaryimage\"},\"image\":{\"@id\":\"https:\\\/\\\/pico-one.ch\\\/street-one\\\/#primaryimage\"},\"thumbnailUrl\":\"https:\\\/\\\/pico-one.ch\\\/street-one\\\/wp-content\\\/uploads\\\/sites\\\/3\\\/2017\\\/08\\\/Street-One-0324-12-200x300.jpg\",\"datePublished\":\"2017-08-20T10:15:54+00:00\",\"dateModified\":\"2024-03-19T16:07:22+00:00\",\"description\":\"Junge Damenmode zum Wohlf\u00fchlen\",\"breadcrumb\":{\"@id\":\"https:\\\/\\\/pico-one.ch\\\/street-one\\\/#breadcrumb\"},\"inLanguage\":\"de\",\"potentialAction\":[{\"@type\":\"ReadAction\",\"target\":[\"https:\\\/\\\/pico-one.ch\\\/street-one\\\/\"]}]},{\"@type\":\"ImageObject\",\"inLanguage\":\"de\",\"@id\":\"https:\\\/\\\/pico-one.ch\\\/street-one\\\/#primaryimage\",\"url\":\"https:\\\/\\\/pico-one.ch\\\/street-one\\\/wp-content\\\/uploads\\\/sites\\\/3\\\/2017\\\/08\\\/Street-One-0324-12.jpg\",\"contentUrl\":\"https:\\\/\\\/pico-one.ch\\\/street-one\\\/wp-content\\\/uploads\\\/sites\\\/3\\\/2017\\\/08\\\/Street-One-0324-12.jpg\",\"width\":1334,\"height\":2000,\"caption\":\"Kampagnenbild Kampagnenbild\"},{\"@type\":\"BreadcrumbList\",\"@id\":\"https:\\\/\\\/pico-one.ch\\\/street-one\\\/#breadcrumb\",\"itemListElement\":[{\"@type\":\"ListItem\",\"position\":1,\"name\":\"Home\",\"item\":\"https:\\\/\\\/pico-one.ch\\\/street-one\\\/\"},{\"@type\":\"ListItem\",\"position\":2,\"name\":\"Home\"}]},{\"@type\":\"WebSite\",\"@id\":\"https:\\\/\\\/pico-one.ch\\\/street-one\\\/#website\",\"url\":\"https:\\\/\\\/pico-one.ch\\\/street-one\\\/\",\"name\":\"Street One\",\"description\":\"Street One Luzern\u2013Baden\u2013Emmenbr\u00fccke\u2013Solothurn\",\"potentialAction\":[{\"@type\":\"SearchAction\",\"target\":{\"@type\":\"EntryPoint\",\"urlTemplate\":\"https:\\\/\\\/pico-one.ch\\\/street-one\\\/?s={search_term_string}\"},\"query-input\":{\"@type\":\"PropertyValueSpecification\",\"valueRequired\":true,\"valueName\":\"search_term_string\"}}],\"inLanguage\":\"de\"}]}<\/script>\n<!-- \/ Yoast SEO plugin. -->","yoast_head_json":{"title":"Home - Street One","description":"Junge Damenmode zum Wohlf\u00fchlen","robots":{"index":"index","follow":"follow","max-snippet":"max-snippet:-1","max-image-preview":"max-image-preview:large","max-video-preview":"max-video-preview:-1"},"canonical":"https:\/\/pico-one.ch\/street-one\/","og_locale":"de_DE","og_type":"article","og_title":"Home - Street One","og_description":"Junge Damenmode zum Wohlf\u00fchlen","og_url":"https:\/\/pico-one.ch\/street-one\/","og_site_name":"Street One","article_modified_time":"2024-03-19T16:07:22+00:00","og_image":[{"url":"https:\/\/pico-one.ch\/street-one\/wp-content\/uploads\/sites\/3\/2017\/08\/Street-One-0324-12-200x300.jpg","type":"","width":"","height":""}],"twitter_card":"summary_large_image","twitter_misc":{"Gesch\u00e4tzte Lesezeit":"2\u00a0Minuten"},"schema":{"@context":"https:\/\/schema.org","@graph":[{"@type":"WebPage","@id":"https:\/\/pico-one.ch\/street-one\/","url":"https:\/\/pico-one.ch\/street-one\/","name":"Home - Street One","isPartOf":{"@id":"https:\/\/pico-one.ch\/street-one\/#website"},"primaryImageOfPage":{"@id":"https:\/\/pico-one.ch\/street-one\/#primaryimage"},"image":{"@id":"https:\/\/pico-one.ch\/street-one\/#primaryimage"},"thumbnailUrl":"https:\/\/pico-one.ch\/street-one\/wp-content\/uploads\/sites\/3\/2017\/08\/Street-One-0324-12-200x300.jpg","datePublished":"2017-08-20T10:15:54+00:00","dateModified":"2024-03-19T16:07:22+00:00","description":"Junge Damenmode zum Wohlf\u00fchlen","breadcrumb":{"@id":"https:\/\/pico-one.ch\/street-one\/#breadcrumb"},"inLanguage":"de","potentialAction":[{"@type":"ReadAction","target":["https:\/\/pico-one.ch\/street-one\/"]}]},{"@type":"ImageObject","inLanguage":"de","@id":"https:\/\/pico-one.ch\/street-one\/#primaryimage","url":"https:\/\/pico-one.ch\/street-one\/wp-content\/uploads\/sites\/3\/2017\/08\/Street-One-0324-12.jpg","contentUrl":"https:\/\/pico-one.ch\/street-one\/wp-content\/uploads\/sites\/3\/2017\/08\/Street-One-0324-12.jpg","width":1334,"height":2000,"caption":"Kampagnenbild Kampagnenbild"},{"@type":"BreadcrumbList","@id":"https:\/\/pico-one.ch\/street-one\/#breadcrumb","itemListElement":[{"@type":"ListItem","position":1,"name":"Home","item":"https:\/\/pico-one.ch\/street-one\/"},{"@type":"ListItem","position":2,"name":"Home"}]},{"@type":"WebSite","@id":"https:\/\/pico-one.ch\/street-one\/#website","url":"https:\/\/pico-one.ch\/street-one\/","name":"Street One","description":"Street One Luzern\u2013Baden\u2013Emmenbr\u00fccke\u2013Solothurn","potentialAction":[{"@type":"SearchAction","target":{"@type":"EntryPoint","urlTemplate":"https:\/\/pico-one.ch\/street-one\/?s={search_term_string}"},"query-input":{"@type":"PropertyValueSpecification","valueRequired":true,"valueName":"search_term_string"}}],"inLanguage":"de"}]}},"_links":{"self":[{"href":"https:\/\/pico-one.ch\/street-one\/wp-json\/wp\/v2\/pages\/706","targetHints":{"allow":["GET"]}}],"collection":[{"href":"https:\/\/pico-one.ch\/street-one\/wp-json\/wp\/v2\/pages"}],"about":[{"href":"https:\/\/pico-one.ch\/street-one\/wp-json\/wp\/v2\/types\/page"}],"author":[{"embeddable":true,"href":"https:\/\/pico-one.ch\/street-one\/wp-json\/wp\/v2\/users\/1"}],"replies":[{"embeddable":true,"href":"https:\/\/pico-one.ch\/street-one\/wp-json\/wp\/v2\/comments?post=706"}],"version-history":[{"count":33,"href":"https:\/\/pico-one.ch\/street-one\/wp-json\/wp\/v2\/pages\/706\/revisions"}],"predecessor-version":[{"id":1953,"href":"https:\/\/pico-one.ch\/street-one\/wp-json\/wp\/v2\/pages\/706\/revisions\/1953"}],"wp:attachment":[{"href":"https:\/\/pico-one.ch\/street-one\/wp-json\/wp\/v2\/media?parent=706"}],"curies":[{"name":"wp","href":"https:\/\/api.w.org\/{rel}","templated":true}]}}