{"id":1975,"date":"2025-04-29T14:22:59","date_gmt":"2025-04-29T12:22:59","guid":{"rendered":"https:\/\/pico-one.ch\/street-one\/?page_id=1975"},"modified":"2025-07-10T15:51:57","modified_gmt":"2025-07-10T13:51:57","slug":"street-one-zurich","status":"publish","type":"page","link":"https:\/\/pico-one.ch\/street-one\/filialen-schweiz\/street-one-zurich\/","title":{"rendered":"Street One Z\u00fcrich"},"content":{"rendered":"<div class=\"wpb-content-wrapper\"><p>[vc_row row_type=&#8220;row&#8220; use_row_as_full_screen_section=&#8220;yes&#8220; type=&#8220;full_width&#8220; text_align=&#8220;left&#8220; background_animation=&#8220;none&#8220; side_padding=&#8220;0&#8243; css_animation=&#8220;&#8220;][vc_column][vc_column_text css=&#8220;&#8220;]<\/p>\n<h1>Street One Z\u00fcrich<\/h1>\n<p>[\/vc_column_text][vc_single_image image=&#8220;1994&#8243; img_size=&#8220;full&#8220; alignment=&#8220;center&#8220; css=&#8220;.vc_custom_1752155511252{padding-right: 0px !important;padding-left: 0px !important;background-position: center !important;background-repeat: no-repeat !important;background-size: cover !important;}&#8220; qode_css_animation=&#8220;&#8220;][\/vc_column][\/vc_row][vc_row row_type=&#8220;row&#8220; use_row_as_full_screen_section=&#8220;yes&#8220; type=&#8220;full_width&#8220; text_align=&#8220;left&#8220; background_animation=&#8220;none&#8220; side_padding=&#8220;0&#8243; css_animation=&#8220;&#8220;][vc_column width=&#8220;1\/2&#8243;][vc_empty_space][vc_column_text css=&#8220;&#8220;]<\/p>\n<h2><strong>\u00dcber Street One Z\u00fcrich<\/strong><\/h2>\n<p>Street One Z\u00fcrich befindet sich in der charmanten Altstadt in Z\u00fcrich \u2013 hier finden Sie die ganze Kollektion von Street One, egal ob zeitlose Klassiker oder auff\u00e4llige Trendpieces. Luzern ist ein Shoppingparadies und bietet mit zahlreichen Gesch\u00e4fte ein exquisites Angebot. Wir freuen uns, Sie pers\u00f6nlich bei Street One begr\u00fcssen zu d\u00fcrfen.[\/vc_column_text][vc_empty_space][vc_column_text css=&#8220;&#8220;]<\/p>\n<h4><strong>Adresse Street One Z\u00fcrich<\/strong><\/h4>\n<p>Schiffl\u00e4nde 24<br \/>\n8001 Z\u00fcrich<\/p>\n<h4><strong><br \/>\n\u00d6ffnungszeiten Street One Z\u00fcrich<\/strong><\/h4>\n<p>Mo- Fr: 10:30 \u2013 12:30 \/ 13:00 \u2013 18:30<br \/>\nSa: 10:00 \u2013 17:00<\/p>\n<h4><strong><br \/>\nKontakt Street One Z\u00fcrich<\/strong><\/h4>\n<p><a href=\"tel:0434972450\"> 043 497 24 50<\/a><br \/>\n<a href=\"mailto:streetone@pico-one.ch\">streetone@pico-one.ch<\/a><\/p>\n<p><a href=\"mailto:streetone@pico-one.ch\"><button class=\"cta1\"><i class=\"fas fa-envelope\"><\/i> Email<\/button><\/a><a href=\"tel:0434972450\"><button class=\"cta1\"><i class=\"fas fa-phone\"><\/i> Anruf<\/button><\/a>[\/vc_column_text][\/vc_column][vc_column width=&#8220;1\/2&#8243;][vc_empty_space][vc_raw_html css=&#8220;&#8220;]JTNDaWZyYW1lJTIwc3JjJTNEJTIyaHR0cHMlM0ElMkYlMkZ3d3cuZ29vZ2xlLmNvbSUyRm1hcHMlMkZlbWJlZCUzRnBiJTNEJTIxMW0xOCUyMTFtMTIlMjExbTMlMjExZDI3MDIuMjAyODQyOTkxNTMxNyUyMTJkOC41NDE4NDQyNzcyODU0NTYlMjEzZDQ3LjM2ODk1OTM3MTE2OTAwNSUyMTJtMyUyMTFmMCUyMTJmMCUyMTNmMCUyMTNtMiUyMTFpMTAyNCUyMTJpNzY4JTIxNGYxMy4xJTIxM20zJTIxMW0yJTIxMXMweDQ3OWFhMGFiYWJlNjM4YjklMjUzQTB4MjZjZjlmN2NkOTFiYjgzMyUyMTJzU2NoaWZmbCUyNUMzJTI1QTRuZGUlMjUyMDI0JTI1MkMlMjUyMDgwMDElMjUyMFolMjVDMyUyNUJDcmljaCUyMTVlMCUyMTNtMiUyMTFzZGUlMjEyc2NoJTIxNHYxNzQ1OTI5MTA1MTI3JTIxNW0yJTIxMXNkZSUyMTJzY2glMjIlMjB3aWR0aCUzRCUyMjEwMCUyNSUyMiUyMGhlaWdodCUzRCUyMjM0NSUyMiUyMHN0eWxlJTNEJTIyYm9yZGVyJTNBMCUzQiUyMiUyMGFsbG93ZnVsbHNjcmVlbiUzRCUyMiUyMiUyMGxvYWRpbmclM0QlMjJsYXp5JTIyJTIwcmVmZXJyZXJwb2xpY3klM0QlMjJuby1yZWZlcnJlci13aGVuLWRvd25ncmFkZSUyMiUzRSUzQyUyRmlmcmFtZSUzRQ==[\/vc_raw_html][\/vc_column][\/vc_row][vc_row row_type=&#8220;row&#8220; use_row_as_full_screen_section=&#8220;yes&#8220; type=&#8220;full_width&#8220; text_align=&#8220;left&#8220; background_animation=&#8220;none&#8220; side_padding=&#8220;0&#8243; css_animation=&#8220;&#8220;][vc_column][vc_empty_space][\/vc_column][\/vc_row]<\/p>\n<\/div>","protected":false},"excerpt":{"rendered":"<p>[vc_row row_type=&#8220;row&#8220; use_row_as_full_screen_section=&#8220;yes&#8220; type=&#8220;full_width&#8220; text_align=&#8220;left&#8220; background_animation=&#8220;none&#8220; side_padding=&#8220;0&#8243; css_animation=&#8220;&#8220;][vc_column][vc_column_text css=&#8220;&#8220;] Street One Z\u00fcrich [\/vc_column_text][vc_single_image image=&#8220;1994&#8243; img_size=&#8220;full&#8220; alignment=&#8220;center&#8220; css=&#8220;.vc_custom_1752155511252{padding-right: 0px !important;padding-left: 0px !important;background-position: center !important;background-repeat: no-repeat !important;background-size: cover !important;}&#8220; qode_css_animation=&#8220;&#8220;][\/vc_column][\/vc_row][vc_row row_type=&#8220;row&#8220; use_row_as_full_screen_section=&#8220;yes&#8220; type=&#8220;full_width&#8220; text_align=&#8220;left&#8220; background_animation=&#8220;none&#8220; side_padding=&#8220;0&#8243; css_animation=&#8220;&#8220;][vc_column width=&#8220;1\/2&#8243;][vc_empty_space][vc_column_text css=&#8220;&#8220;] \u00dcber Street One Z\u00fcrich Street One Z\u00fcrich befindet&#8230;<\/p>\n","protected":false},"author":2,"featured_media":1053,"parent":710,"menu_order":0,"comment_status":"closed","ping_status":"closed","template":"","meta":{"inline_featured_image":false,"footnotes":""},"class_list":["post-1975","page","type-page","status-publish","has-post-thumbnail","hentry"],"yoast_head":"<!-- This site is optimized with the Yoast SEO plugin v27.2 - https:\/\/yoast.com\/product\/yoast-seo-wordpress\/ -->\n<title>Street One Z\u00fcrich<\/title>\n<meta name=\"description\" content=\"Street One in Z\u00fcrich \u2013 Besuchen Sie Street One in der Filiale in Luzern \u2013 Shopping \u2013 Kleidergesch\u00e4ft \u2013 Einkaufsm\u00f6glichkeit \u2013 Gesch\u00e4ft \u2013 Laden\" \/>\n<meta name=\"robots\" content=\"index, follow, max-snippet:-1, max-image-preview:large, max-video-preview:-1\" \/>\n<link rel=\"canonical\" href=\"https:\/\/pico-one.ch\/street-one\/filialen-schweiz\/street-one-zurich\/\" \/>\n<meta property=\"og:locale\" content=\"de_DE\" \/>\n<meta property=\"og:type\" content=\"article\" \/>\n<meta property=\"og:title\" content=\"Street One Z\u00fcrich\" \/>\n<meta property=\"og:description\" content=\"Street One in Z\u00fcrich \u2013 Besuchen Sie Street One in der Filiale in Luzern \u2013 Shopping \u2013 Kleidergesch\u00e4ft \u2013 Einkaufsm\u00f6glichkeit \u2013 Gesch\u00e4ft \u2013 Laden\" \/>\n<meta property=\"og:url\" content=\"https:\/\/pico-one.ch\/street-one\/filialen-schweiz\/street-one-zurich\/\" \/>\n<meta property=\"og:site_name\" content=\"Street One\" \/>\n<meta property=\"article:modified_time\" content=\"2025-07-10T13:51:57+00:00\" \/>\n<meta property=\"og:image\" content=\"https:\/\/pico-one.ch\/street-one\/wp-content\/uploads\/sites\/3\/2018\/08\/street_one_luzern-700x450.jpg\" \/>\n\t<meta property=\"og:image:width\" content=\"700\" \/>\n\t<meta property=\"og:image:height\" content=\"450\" \/>\n\t<meta property=\"og:image:type\" content=\"image\/jpeg\" \/>\n<meta name=\"twitter:card\" content=\"summary_large_image\" \/>\n<meta name=\"twitter:label1\" content=\"Gesch\u00e4tzte Lesezeit\" \/>\n\t<meta name=\"twitter:data1\" content=\"2\u00a0Minuten\" \/>\n<script type=\"application\/ld+json\" class=\"yoast-schema-graph\">{\"@context\":\"https:\/\/schema.org\",\"@graph\":[{\"@type\":\"WebPage\",\"@id\":\"https:\/\/pico-one.ch\/street-one\/filialen-schweiz\/street-one-zurich\/\",\"url\":\"https:\/\/pico-one.ch\/street-one\/filialen-schweiz\/street-one-zurich\/\",\"name\":\"Street One Z\u00fcrich\",\"isPartOf\":{\"@id\":\"https:\/\/pico-one.ch\/street-one\/#website\"},\"primaryImageOfPage\":{\"@id\":\"https:\/\/pico-one.ch\/street-one\/filialen-schweiz\/street-one-zurich\/#primaryimage\"},\"image\":{\"@id\":\"https:\/\/pico-one.ch\/street-one\/filialen-schweiz\/street-one-zurich\/#primaryimage\"},\"thumbnailUrl\":\"https:\/\/pico-one.ch\/street-one\/wp-content\/uploads\/sites\/3\/2018\/08\/street_one_luzern-700x450.jpg\",\"datePublished\":\"2025-04-29T12:22:59+00:00\",\"dateModified\":\"2025-07-10T13:51:57+00:00\",\"description\":\"Street One in Z\u00fcrich \u2013 Besuchen Sie Street One in der Filiale in Luzern \u2013 Shopping \u2013 Kleidergesch\u00e4ft \u2013 Einkaufsm\u00f6glichkeit \u2013 Gesch\u00e4ft \u2013 Laden\",\"breadcrumb\":{\"@id\":\"https:\/\/pico-one.ch\/street-one\/filialen-schweiz\/street-one-zurich\/#breadcrumb\"},\"inLanguage\":\"de\",\"potentialAction\":[{\"@type\":\"ReadAction\",\"target\":[\"https:\/\/pico-one.ch\/street-one\/filialen-schweiz\/street-one-zurich\/\"]}]},{\"@type\":\"ImageObject\",\"inLanguage\":\"de\",\"@id\":\"https:\/\/pico-one.ch\/street-one\/filialen-schweiz\/street-one-zurich\/#primaryimage\",\"url\":\"https:\/\/pico-one.ch\/street-one\/wp-content\/uploads\/sites\/3\/2018\/08\/street_one_luzern-700x450.jpg\",\"contentUrl\":\"https:\/\/pico-one.ch\/street-one\/wp-content\/uploads\/sites\/3\/2018\/08\/street_one_luzern-700x450.jpg\",\"width\":700,\"height\":450,\"caption\":\"street-one luzern\"},{\"@type\":\"BreadcrumbList\",\"@id\":\"https:\/\/pico-one.ch\/street-one\/filialen-schweiz\/street-one-zurich\/#breadcrumb\",\"itemListElement\":[{\"@type\":\"ListItem\",\"position\":1,\"name\":\"Home\",\"item\":\"https:\/\/pico-one.ch\/street-one\/\"},{\"@type\":\"ListItem\",\"position\":2,\"name\":\"Filialen\",\"item\":\"https:\/\/pico-one.ch\/street-one\/filialen-schweiz\/\"},{\"@type\":\"ListItem\",\"position\":3,\"name\":\"Street One Z\u00fcrich\"}]},{\"@type\":\"WebSite\",\"@id\":\"https:\/\/pico-one.ch\/street-one\/#website\",\"url\":\"https:\/\/pico-one.ch\/street-one\/\",\"name\":\"Street One\",\"description\":\"Street One Luzern\u2013Baden\u2013Emmenbr\u00fccke\u2013Solothurn\",\"potentialAction\":[{\"@type\":\"SearchAction\",\"target\":{\"@type\":\"EntryPoint\",\"urlTemplate\":\"https:\/\/pico-one.ch\/street-one\/?s={search_term_string}\"},\"query-input\":{\"@type\":\"PropertyValueSpecification\",\"valueRequired\":true,\"valueName\":\"search_term_string\"}}],\"inLanguage\":\"de\"}]}<\/script>\n<!-- \/ Yoast SEO plugin. -->","yoast_head_json":{"title":"Street One Z\u00fcrich","description":"Street One in Z\u00fcrich \u2013 Besuchen Sie Street One in der Filiale in Luzern \u2013 Shopping \u2013 Kleidergesch\u00e4ft \u2013 Einkaufsm\u00f6glichkeit \u2013 Gesch\u00e4ft \u2013 Laden","robots":{"index":"index","follow":"follow","max-snippet":"max-snippet:-1","max-image-preview":"max-image-preview:large","max-video-preview":"max-video-preview:-1"},"canonical":"https:\/\/pico-one.ch\/street-one\/filialen-schweiz\/street-one-zurich\/","og_locale":"de_DE","og_type":"article","og_title":"Street One Z\u00fcrich","og_description":"Street One in Z\u00fcrich \u2013 Besuchen Sie Street One in der Filiale in Luzern \u2013 Shopping \u2013 Kleidergesch\u00e4ft \u2013 Einkaufsm\u00f6glichkeit \u2013 Gesch\u00e4ft \u2013 Laden","og_url":"https:\/\/pico-one.ch\/street-one\/filialen-schweiz\/street-one-zurich\/","og_site_name":"Street One","article_modified_time":"2025-07-10T13:51:57+00:00","og_image":[{"width":700,"height":450,"url":"https:\/\/pico-one.ch\/street-one\/wp-content\/uploads\/sites\/3\/2018\/08\/street_one_luzern-700x450.jpg","type":"image\/jpeg"}],"twitter_card":"summary_large_image","twitter_misc":{"Gesch\u00e4tzte Lesezeit":"2\u00a0Minuten"},"schema":{"@context":"https:\/\/schema.org","@graph":[{"@type":"WebPage","@id":"https:\/\/pico-one.ch\/street-one\/filialen-schweiz\/street-one-zurich\/","url":"https:\/\/pico-one.ch\/street-one\/filialen-schweiz\/street-one-zurich\/","name":"Street One Z\u00fcrich","isPartOf":{"@id":"https:\/\/pico-one.ch\/street-one\/#website"},"primaryImageOfPage":{"@id":"https:\/\/pico-one.ch\/street-one\/filialen-schweiz\/street-one-zurich\/#primaryimage"},"image":{"@id":"https:\/\/pico-one.ch\/street-one\/filialen-schweiz\/street-one-zurich\/#primaryimage"},"thumbnailUrl":"https:\/\/pico-one.ch\/street-one\/wp-content\/uploads\/sites\/3\/2018\/08\/street_one_luzern-700x450.jpg","datePublished":"2025-04-29T12:22:59+00:00","dateModified":"2025-07-10T13:51:57+00:00","description":"Street One in Z\u00fcrich \u2013 Besuchen Sie Street One in der Filiale in Luzern \u2013 Shopping \u2013 Kleidergesch\u00e4ft \u2013 Einkaufsm\u00f6glichkeit \u2013 Gesch\u00e4ft \u2013 Laden","breadcrumb":{"@id":"https:\/\/pico-one.ch\/street-one\/filialen-schweiz\/street-one-zurich\/#breadcrumb"},"inLanguage":"de","potentialAction":[{"@type":"ReadAction","target":["https:\/\/pico-one.ch\/street-one\/filialen-schweiz\/street-one-zurich\/"]}]},{"@type":"ImageObject","inLanguage":"de","@id":"https:\/\/pico-one.ch\/street-one\/filialen-schweiz\/street-one-zurich\/#primaryimage","url":"https:\/\/pico-one.ch\/street-one\/wp-content\/uploads\/sites\/3\/2018\/08\/street_one_luzern-700x450.jpg","contentUrl":"https:\/\/pico-one.ch\/street-one\/wp-content\/uploads\/sites\/3\/2018\/08\/street_one_luzern-700x450.jpg","width":700,"height":450,"caption":"street-one luzern"},{"@type":"BreadcrumbList","@id":"https:\/\/pico-one.ch\/street-one\/filialen-schweiz\/street-one-zurich\/#breadcrumb","itemListElement":[{"@type":"ListItem","position":1,"name":"Home","item":"https:\/\/pico-one.ch\/street-one\/"},{"@type":"ListItem","position":2,"name":"Filialen","item":"https:\/\/pico-one.ch\/street-one\/filialen-schweiz\/"},{"@type":"ListItem","position":3,"name":"Street One Z\u00fcrich"}]},{"@type":"WebSite","@id":"https:\/\/pico-one.ch\/street-one\/#website","url":"https:\/\/pico-one.ch\/street-one\/","name":"Street One","description":"Street One Luzern\u2013Baden\u2013Emmenbr\u00fccke\u2013Solothurn","potentialAction":[{"@type":"SearchAction","target":{"@type":"EntryPoint","urlTemplate":"https:\/\/pico-one.ch\/street-one\/?s={search_term_string}"},"query-input":{"@type":"PropertyValueSpecification","valueRequired":true,"valueName":"search_term_string"}}],"inLanguage":"de"}]}},"_links":{"self":[{"href":"https:\/\/pico-one.ch\/street-one\/wp-json\/wp\/v2\/pages\/1975","targetHints":{"allow":["GET"]}}],"collection":[{"href":"https:\/\/pico-one.ch\/street-one\/wp-json\/wp\/v2\/pages"}],"about":[{"href":"https:\/\/pico-one.ch\/street-one\/wp-json\/wp\/v2\/types\/page"}],"author":[{"embeddable":true,"href":"https:\/\/pico-one.ch\/street-one\/wp-json\/wp\/v2\/users\/2"}],"replies":[{"embeddable":true,"href":"https:\/\/pico-one.ch\/street-one\/wp-json\/wp\/v2\/comments?post=1975"}],"version-history":[{"count":7,"href":"https:\/\/pico-one.ch\/street-one\/wp-json\/wp\/v2\/pages\/1975\/revisions"}],"predecessor-version":[{"id":1995,"href":"https:\/\/pico-one.ch\/street-one\/wp-json\/wp\/v2\/pages\/1975\/revisions\/1995"}],"up":[{"embeddable":true,"href":"https:\/\/pico-one.ch\/street-one\/wp-json\/wp\/v2\/pages\/710"}],"wp:featuredmedia":[{"embeddable":true,"href":"https:\/\/pico-one.ch\/street-one\/wp-json\/wp\/v2\/media\/1053"}],"wp:attachment":[{"href":"https:\/\/pico-one.ch\/street-one\/wp-json\/wp\/v2\/media?parent=1975"}],"curies":[{"name":"wp","href":"https:\/\/api.w.org\/{rel}","templated":true}]}}