{"id":1122,"date":"2018-09-24T10:46:33","date_gmt":"2018-09-24T08:46:33","guid":{"rendered":"https:\/\/pico-one.ch\/street-one\/?page_id=1122"},"modified":"2022-03-15T17:14:09","modified_gmt":"2022-03-15T16:14:09","slug":"street-one-solothurn","status":"publish","type":"page","link":"https:\/\/pico-one.ch\/street-one\/filialen-schweiz\/street-one-solothurn\/","title":{"rendered":"Street One Solothurn"},"content":{"rendered":"<div class=\"wpb-content-wrapper\"><p>[vc_row row_type=&#8220;row&#8220; use_row_as_full_screen_section=&#8220;no&#8220; type=&#8220;full_width&#8220; text_align=&#8220;left&#8220; background_animation=&#8220;none&#8220; css_animation=&#8220;&#8220;][vc_column][vc_column_text]<\/p>\n<h1>Street One Solothurn<\/h1>\n<p>[\/vc_column_text][vc_single_image image=&#8220;1319&#8243; img_size=&#8220;full&#8220; alignment=&#8220;center&#8220; qode_css_animation=&#8220;element_from_fade&#8220;][vc_empty_space][vc_row_inner row_type=&#8220;row&#8220; type=&#8220;full_width&#8220; use_row_as_full_screen_section_slide=&#8220;no&#8220; text_align=&#8220;left&#8220; css_animation=&#8220;&#8220;][vc_column_inner width=&#8220;1\/2&#8243;][vc_column_text]<\/p>\n<h2>\u00dcber Street One Solothurn<\/h2>\n<p>Schauen Sie bei uns vorbei und besuchen Sie uns in Solothurn. Bei uns finden Sie zeitlose Essentials bis zu trendigen It-pieces f\u00fcr jeden Anlass. Solothurn ist mehr als nur ein Einkaufserlebnis und bietet mit zahlreichen Gesch\u00e4ften ein exquisites Angebot. Wir freuen uns, Sie bei Street One in Solothurn begr\u00fcssen zu d\u00fcrfen.[\/vc_column_text][vc_empty_space][vc_column_text]<\/p>\n<h4>Adresse Street One Solothurn<\/h4>\n<p>Hauptgasse 65<br \/>\n4500 Solothurn<\/p>\n<p>&nbsp;<\/p>\n<h4>\u00d6ffnungszeiten Street One Solothurn<\/h4>\n<p>Mo-Fr 09:30-12:30 \/ 13:15-18:30<br \/>\nSa 09:30-17:00<\/p>\n<p>&nbsp;<\/p>\n<h4>Kontakt Street One Solothurn<\/h4>\n<p><a href=\"tel:0325520211\">032 552 02 11<\/a><br \/>\n<a href=\"mailto:streetone@pico-one.ch\">streetone [@] pico-one.ch<\/a><\/p>\n<p>&nbsp;<\/p>\n<p>&nbsp;<\/p>\n<p><a href=\"mailto:streetone@pico-one.ch\"><button class=\"cta1\"><i class=\"fas fa-envelope\"><\/i> Email<\/button><\/a><a href=\"tel:0325520211\"><button class=\"cta1\"><i class=\"fas fa-phone\"><\/i> Anruf<\/button><\/a>[\/vc_column_text][\/vc_column_inner][vc_column_inner width=&#8220;1\/2&#8243;][vc_raw_html]JTNDaWZyYW1lJTIwc3JjJTNEJTIyaHR0cHMlM0ElMkYlMkZ3d3cuZ29vZ2xlLmNvbSUyRm1hcHMlMkZlbWJlZCUzRnBiJTNEJTIxMW0xOCUyMTFtMTIlMjExbTMlMjExZDI3MTAuNDM1MTkzNjkzOTMzJTIxMmQ3LjUzNTk0NDcxNTc5NzI4MSUyMTNkNDcuMjA4MDY2NDIzNDE1OTUlMjEybTMlMjExZjAlMjEyZjAlMjEzZjAlMjEzbTIlMjExaTEwMjQlMjEyaTc2OCUyMTRmMTMuMSUyMTNtMyUyMTFtMiUyMTFzMHg0NzkxZDdmOTBmYTYxNDA1JTI1M0EweDU1ODc5YmQ0MzU0Mjc0NWUlMjEyc0hhdXB0Z2Fzc2UlMkI2NSUyNTJDJTJCNDUwMCUyQlNvbG90aHVybiUyMTVlMCUyMTNtMiUyMTFzZGUlMjEyc2NoJTIxNHYxNTM3Nzc4NjY2NjY5JTIyJTIwd2lkdGglM0QlMjIxMDAlMjUlMjIlMjBoZWlnaHQlM0QlMjIzNDUlMjIlMjBmcmFtZWJvcmRlciUzRCUyMjAlMjIlMjBzdHlsZSUzRCUyMmJvcmRlciUzQTAlMjIlMjBhbGxvd2Z1bGxzY3JlZW4lM0UlM0MlMkZpZnJhbWUlM0U=[\/vc_raw_html][\/vc_column_inner][\/vc_row_inner][\/vc_column][\/vc_row]<\/p>\n<\/div>","protected":false},"excerpt":{"rendered":"<p>[vc_row row_type=&#8220;row&#8220; use_row_as_full_screen_section=&#8220;no&#8220; type=&#8220;full_width&#8220; text_align=&#8220;left&#8220; background_animation=&#8220;none&#8220; css_animation=&#8220;&#8220;][vc_column][vc_column_text] Street One Solothurn [\/vc_column_text][vc_single_image image=&#8220;1319&#8243; img_size=&#8220;full&#8220; alignment=&#8220;center&#8220; qode_css_animation=&#8220;element_from_fade&#8220;][vc_empty_space][vc_row_inner row_type=&#8220;row&#8220; type=&#8220;full_width&#8220; use_row_as_full_screen_section_slide=&#8220;no&#8220; text_align=&#8220;left&#8220; css_animation=&#8220;&#8220;][vc_column_inner width=&#8220;1\/2&#8243;][vc_column_text] \u00dcber Street One Solothurn Schauen Sie bei uns vorbei und besuchen Sie uns in Solothurn. Bei uns finden Sie zeitlose Essentials bis zu trendigen&#8230;<\/p>\n","protected":false},"author":1,"featured_media":1071,"parent":710,"menu_order":0,"comment_status":"closed","ping_status":"closed","template":"","meta":{"inline_featured_image":false,"footnotes":""},"class_list":["post-1122","page","type-page","status-publish","has-post-thumbnail","hentry"],"yoast_head":"<!-- This site is optimized with the Yoast SEO plugin v27.4 - https:\/\/yoast.com\/product\/yoast-seo-wordpress\/ -->\n<title>Street One Solothurn<\/title>\n<meta name=\"description\" content=\"Street One in Solothurn \u2013 Besuchen Sie Street One in der Filiale in Solothurn \u2013 Shopping \u2013 Kleidergesch\u00e4ft \u2013 Einkaufsm\u00f6glichkeit \u2013 Gesch\u00e4ft \u2013 Laden\" \/>\n<meta name=\"robots\" content=\"index, follow, max-snippet:-1, max-image-preview:large, max-video-preview:-1\" \/>\n<link rel=\"canonical\" href=\"https:\/\/pico-one.ch\/street-one\/filialen-schweiz\/street-one-solothurn\/\" \/>\n<meta property=\"og:locale\" content=\"de_DE\" \/>\n<meta property=\"og:type\" content=\"article\" \/>\n<meta property=\"og:title\" content=\"Street One Solothurn\" \/>\n<meta property=\"og:description\" content=\"Street One in Solothurn \u2013 Besuchen Sie Street One in der Filiale in Solothurn \u2013 Shopping \u2013 Kleidergesch\u00e4ft \u2013 Einkaufsm\u00f6glichkeit \u2013 Gesch\u00e4ft \u2013 Laden\" \/>\n<meta property=\"og:url\" content=\"https:\/\/pico-one.ch\/street-one\/filialen-schweiz\/street-one-solothurn\/\" \/>\n<meta property=\"og:site_name\" content=\"Street One\" \/>\n<meta property=\"article:modified_time\" content=\"2022-03-15T16:14:09+00:00\" \/>\n<meta property=\"og:image\" content=\"https:\/\/pico-one.ch\/street-one\/wp-content\/uploads\/sites\/3\/2018\/08\/20170920_jk_DSC1957-700x450.jpg\" \/>\n\t<meta property=\"og:image:width\" content=\"700\" \/>\n\t<meta property=\"og:image:height\" content=\"450\" \/>\n\t<meta property=\"og:image:type\" content=\"image\/jpeg\" \/>\n<meta name=\"twitter:card\" content=\"summary_large_image\" \/>\n<meta name=\"twitter:label1\" content=\"Gesch\u00e4tzte Lesezeit\" \/>\n\t<meta name=\"twitter:data1\" content=\"1\u00a0Minute\" \/>\n<script type=\"application\/ld+json\" class=\"yoast-schema-graph\">{\"@context\":\"https:\\\/\\\/schema.org\",\"@graph\":[{\"@type\":\"WebPage\",\"@id\":\"https:\\\/\\\/pico-one.ch\\\/street-one\\\/filialen-schweiz\\\/street-one-solothurn\\\/\",\"url\":\"https:\\\/\\\/pico-one.ch\\\/street-one\\\/filialen-schweiz\\\/street-one-solothurn\\\/\",\"name\":\"Street One Solothurn\",\"isPartOf\":{\"@id\":\"https:\\\/\\\/pico-one.ch\\\/street-one\\\/#website\"},\"primaryImageOfPage\":{\"@id\":\"https:\\\/\\\/pico-one.ch\\\/street-one\\\/filialen-schweiz\\\/street-one-solothurn\\\/#primaryimage\"},\"image\":{\"@id\":\"https:\\\/\\\/pico-one.ch\\\/street-one\\\/filialen-schweiz\\\/street-one-solothurn\\\/#primaryimage\"},\"thumbnailUrl\":\"https:\\\/\\\/pico-one.ch\\\/street-one\\\/wp-content\\\/uploads\\\/sites\\\/3\\\/2018\\\/08\\\/20170920_jk_DSC1957-700x450.jpg\",\"datePublished\":\"2018-09-24T08:46:33+00:00\",\"dateModified\":\"2022-03-15T16:14:09+00:00\",\"description\":\"Street One in Solothurn \u2013 Besuchen Sie Street One in der Filiale in Solothurn \u2013 Shopping \u2013 Kleidergesch\u00e4ft \u2013 Einkaufsm\u00f6glichkeit \u2013 Gesch\u00e4ft \u2013 Laden\",\"breadcrumb\":{\"@id\":\"https:\\\/\\\/pico-one.ch\\\/street-one\\\/filialen-schweiz\\\/street-one-solothurn\\\/#breadcrumb\"},\"inLanguage\":\"de\",\"potentialAction\":[{\"@type\":\"ReadAction\",\"target\":[\"https:\\\/\\\/pico-one.ch\\\/street-one\\\/filialen-schweiz\\\/street-one-solothurn\\\/\"]}]},{\"@type\":\"ImageObject\",\"inLanguage\":\"de\",\"@id\":\"https:\\\/\\\/pico-one.ch\\\/street-one\\\/filialen-schweiz\\\/street-one-solothurn\\\/#primaryimage\",\"url\":\"https:\\\/\\\/pico-one.ch\\\/street-one\\\/wp-content\\\/uploads\\\/sites\\\/3\\\/2018\\\/08\\\/20170920_jk_DSC1957-700x450.jpg\",\"contentUrl\":\"https:\\\/\\\/pico-one.ch\\\/street-one\\\/wp-content\\\/uploads\\\/sites\\\/3\\\/2018\\\/08\\\/20170920_jk_DSC1957-700x450.jpg\",\"width\":700,\"height\":450,\"caption\":\"Streetone Baden\"},{\"@type\":\"BreadcrumbList\",\"@id\":\"https:\\\/\\\/pico-one.ch\\\/street-one\\\/filialen-schweiz\\\/street-one-solothurn\\\/#breadcrumb\",\"itemListElement\":[{\"@type\":\"ListItem\",\"position\":1,\"name\":\"Home\",\"item\":\"https:\\\/\\\/pico-one.ch\\\/street-one\\\/\"},{\"@type\":\"ListItem\",\"position\":2,\"name\":\"Filialen\",\"item\":\"https:\\\/\\\/pico-one.ch\\\/street-one\\\/filialen-schweiz\\\/\"},{\"@type\":\"ListItem\",\"position\":3,\"name\":\"Street One Solothurn\"}]},{\"@type\":\"WebSite\",\"@id\":\"https:\\\/\\\/pico-one.ch\\\/street-one\\\/#website\",\"url\":\"https:\\\/\\\/pico-one.ch\\\/street-one\\\/\",\"name\":\"Street One\",\"description\":\"Street One Luzern\u2013Baden\u2013Emmenbr\u00fccke\u2013Solothurn\",\"potentialAction\":[{\"@type\":\"SearchAction\",\"target\":{\"@type\":\"EntryPoint\",\"urlTemplate\":\"https:\\\/\\\/pico-one.ch\\\/street-one\\\/?s={search_term_string}\"},\"query-input\":{\"@type\":\"PropertyValueSpecification\",\"valueRequired\":true,\"valueName\":\"search_term_string\"}}],\"inLanguage\":\"de\"}]}<\/script>\n<!-- \/ Yoast SEO plugin. -->","yoast_head_json":{"title":"Street One Solothurn","description":"Street One in Solothurn \u2013 Besuchen Sie Street One in der Filiale in Solothurn \u2013 Shopping \u2013 Kleidergesch\u00e4ft \u2013 Einkaufsm\u00f6glichkeit \u2013 Gesch\u00e4ft \u2013 Laden","robots":{"index":"index","follow":"follow","max-snippet":"max-snippet:-1","max-image-preview":"max-image-preview:large","max-video-preview":"max-video-preview:-1"},"canonical":"https:\/\/pico-one.ch\/street-one\/filialen-schweiz\/street-one-solothurn\/","og_locale":"de_DE","og_type":"article","og_title":"Street One Solothurn","og_description":"Street One in Solothurn \u2013 Besuchen Sie Street One in der Filiale in Solothurn \u2013 Shopping \u2013 Kleidergesch\u00e4ft \u2013 Einkaufsm\u00f6glichkeit \u2013 Gesch\u00e4ft \u2013 Laden","og_url":"https:\/\/pico-one.ch\/street-one\/filialen-schweiz\/street-one-solothurn\/","og_site_name":"Street One","article_modified_time":"2022-03-15T16:14:09+00:00","og_image":[{"width":700,"height":450,"url":"https:\/\/pico-one.ch\/street-one\/wp-content\/uploads\/sites\/3\/2018\/08\/20170920_jk_DSC1957-700x450.jpg","type":"image\/jpeg"}],"twitter_card":"summary_large_image","twitter_misc":{"Gesch\u00e4tzte Lesezeit":"1\u00a0Minute"},"schema":{"@context":"https:\/\/schema.org","@graph":[{"@type":"WebPage","@id":"https:\/\/pico-one.ch\/street-one\/filialen-schweiz\/street-one-solothurn\/","url":"https:\/\/pico-one.ch\/street-one\/filialen-schweiz\/street-one-solothurn\/","name":"Street One Solothurn","isPartOf":{"@id":"https:\/\/pico-one.ch\/street-one\/#website"},"primaryImageOfPage":{"@id":"https:\/\/pico-one.ch\/street-one\/filialen-schweiz\/street-one-solothurn\/#primaryimage"},"image":{"@id":"https:\/\/pico-one.ch\/street-one\/filialen-schweiz\/street-one-solothurn\/#primaryimage"},"thumbnailUrl":"https:\/\/pico-one.ch\/street-one\/wp-content\/uploads\/sites\/3\/2018\/08\/20170920_jk_DSC1957-700x450.jpg","datePublished":"2018-09-24T08:46:33+00:00","dateModified":"2022-03-15T16:14:09+00:00","description":"Street One in Solothurn \u2013 Besuchen Sie Street One in der Filiale in Solothurn \u2013 Shopping \u2013 Kleidergesch\u00e4ft \u2013 Einkaufsm\u00f6glichkeit \u2013 Gesch\u00e4ft \u2013 Laden","breadcrumb":{"@id":"https:\/\/pico-one.ch\/street-one\/filialen-schweiz\/street-one-solothurn\/#breadcrumb"},"inLanguage":"de","potentialAction":[{"@type":"ReadAction","target":["https:\/\/pico-one.ch\/street-one\/filialen-schweiz\/street-one-solothurn\/"]}]},{"@type":"ImageObject","inLanguage":"de","@id":"https:\/\/pico-one.ch\/street-one\/filialen-schweiz\/street-one-solothurn\/#primaryimage","url":"https:\/\/pico-one.ch\/street-one\/wp-content\/uploads\/sites\/3\/2018\/08\/20170920_jk_DSC1957-700x450.jpg","contentUrl":"https:\/\/pico-one.ch\/street-one\/wp-content\/uploads\/sites\/3\/2018\/08\/20170920_jk_DSC1957-700x450.jpg","width":700,"height":450,"caption":"Streetone Baden"},{"@type":"BreadcrumbList","@id":"https:\/\/pico-one.ch\/street-one\/filialen-schweiz\/street-one-solothurn\/#breadcrumb","itemListElement":[{"@type":"ListItem","position":1,"name":"Home","item":"https:\/\/pico-one.ch\/street-one\/"},{"@type":"ListItem","position":2,"name":"Filialen","item":"https:\/\/pico-one.ch\/street-one\/filialen-schweiz\/"},{"@type":"ListItem","position":3,"name":"Street One Solothurn"}]},{"@type":"WebSite","@id":"https:\/\/pico-one.ch\/street-one\/#website","url":"https:\/\/pico-one.ch\/street-one\/","name":"Street One","description":"Street One Luzern\u2013Baden\u2013Emmenbr\u00fccke\u2013Solothurn","potentialAction":[{"@type":"SearchAction","target":{"@type":"EntryPoint","urlTemplate":"https:\/\/pico-one.ch\/street-one\/?s={search_term_string}"},"query-input":{"@type":"PropertyValueSpecification","valueRequired":true,"valueName":"search_term_string"}}],"inLanguage":"de"}]}},"_links":{"self":[{"href":"https:\/\/pico-one.ch\/street-one\/wp-json\/wp\/v2\/pages\/1122","targetHints":{"allow":["GET"]}}],"collection":[{"href":"https:\/\/pico-one.ch\/street-one\/wp-json\/wp\/v2\/pages"}],"about":[{"href":"https:\/\/pico-one.ch\/street-one\/wp-json\/wp\/v2\/types\/page"}],"author":[{"embeddable":true,"href":"https:\/\/pico-one.ch\/street-one\/wp-json\/wp\/v2\/users\/1"}],"replies":[{"embeddable":true,"href":"https:\/\/pico-one.ch\/street-one\/wp-json\/wp\/v2\/comments?post=1122"}],"version-history":[{"count":13,"href":"https:\/\/pico-one.ch\/street-one\/wp-json\/wp\/v2\/pages\/1122\/revisions"}],"predecessor-version":[{"id":1824,"href":"https:\/\/pico-one.ch\/street-one\/wp-json\/wp\/v2\/pages\/1122\/revisions\/1824"}],"up":[{"embeddable":true,"href":"https:\/\/pico-one.ch\/street-one\/wp-json\/wp\/v2\/pages\/710"}],"wp:featuredmedia":[{"embeddable":true,"href":"https:\/\/pico-one.ch\/street-one\/wp-json\/wp\/v2\/media\/1071"}],"wp:attachment":[{"href":"https:\/\/pico-one.ch\/street-one\/wp-json\/wp\/v2\/media?parent=1122"}],"curies":[{"name":"wp","href":"https:\/\/api.w.org\/{rel}","templated":true}]}}