{"id":1047,"date":"2018-08-24T12:05:36","date_gmt":"2018-08-24T10:05:36","guid":{"rendered":"https:\/\/pico-one.ch\/street-one\/?page_id=1047"},"modified":"2023-09-07T09:28:23","modified_gmt":"2023-09-07T07:28:23","slug":"street-one-luzern","status":"publish","type":"page","link":"https:\/\/pico-one.ch\/street-one\/filialen-schweiz\/street-one-luzern\/","title":{"rendered":"Street One Luzern"},"content":{"rendered":"<div class=\"wpb-content-wrapper\"><p>[vc_row row_type=&#8220;row&#8220; use_row_as_full_screen_section=&#8220;yes&#8220; type=&#8220;full_width&#8220; text_align=&#8220;left&#8220; background_animation=&#8220;none&#8220; side_padding=&#8220;0&#8243; css_animation=&#8220;&#8220;][vc_column][vc_column_text]<\/p>\n<h1>Street One Luzern<\/h1>\n<p>[\/vc_column_text][vc_single_image image=&#8220;1324&#8243; img_size=&#8220;full&#8220; alignment=&#8220;center&#8220; qode_css_animation=&#8220;&#8220; css=&#8220;.vc_custom_1542979413970{padding-right: 0px !important;padding-left: 0px !important;background-position: center !important;background-repeat: no-repeat !important;background-size: cover !important;}&#8220;][\/vc_column][\/vc_row][vc_row row_type=&#8220;row&#8220; use_row_as_full_screen_section=&#8220;yes&#8220; type=&#8220;full_width&#8220; text_align=&#8220;left&#8220; background_animation=&#8220;none&#8220; side_padding=&#8220;0&#8243; css_animation=&#8220;&#8220;][vc_column width=&#8220;1\/2&#8243;][vc_empty_space][vc_column_text]<\/p>\n<h2><strong>\u00dcber Street One Luzern<\/strong><\/h2>\n<p>Street One Luzern befindet sich in der charmanten Altstadt in Luzern \u2013 hier finden Sie die ganze Kollektion von Street One, egal ob zeitlose Klassiker oder auff\u00e4llige Trendpieces. Luzern ist ein Shoppingparadies und bietet mit zahlreichen Gesch\u00e4fte ein exquisites Angebot. Wir freuen uns, Sie pers\u00f6nlich bei Street One begr\u00fcssen zu d\u00fcrfen.[\/vc_column_text][vc_empty_space][vc_column_text]<\/p>\n<h4><strong>Adresse Street One Luzern<\/strong><\/h4>\n<p>Ab 21. September 2023<br \/>\nIm Z\u00f6pfli 1<br \/>\n6004 Luzern<\/p>\n<h4><strong><br \/>\n\u00d6ffnungszeiten Street One Luzern<\/strong><\/h4>\n<p>Mo-Fr 09:00-18:30<br \/>\nSa 09:00-17:00<\/p>\n<h4><strong><br \/>\nKontakt Street One Luzern<\/strong><\/h4>\n<p><a href=\"tel:0414121313\">041 412 13 13<\/a><br \/>\n<a href=\"mailto:streetone@pico-one.ch\">streetone@pico-one.ch<\/a><\/p>\n<p><a href=\"mailto:streetone@pico-one.ch\"><button class=\"cta1\"><i class=\"fas fa-envelope\"><\/i> Email<\/button><\/a><a href=\"tel:0414121313\"><button class=\"cta1\"><i class=\"fas fa-phone\"><\/i> Anruf<\/button><\/a>[\/vc_column_text][\/vc_column][vc_column width=&#8220;1\/2&#8243;][vc_empty_space][vc_raw_html]JTNDaWZyYW1lJTIwc3JjJTNEJTIyaHR0cHMlM0ElMkYlMkZ3d3cuZ29vZ2xlLmNvbSUyRm1hcHMlMkZlbWJlZCUzRnBiJTNEJTIxMW0xOCUyMTFtMTIlMjExbTMlMjExZDExMjYuNTcxMDg2NDg5MDgwNyUyMTJkOC4zMDQyMjg4MjgyMzExNDMlMjEzZDQ3LjA1MTQ4ODEwMjc3NDklMjEybTMlMjExZjAlMjEyZjAlMjEzZjAlMjEzbTIlMjExaTEwMjQlMjEyaTc2OCUyMTRmMTMuMSUyMTNtMyUyMTFtMiUyMTFzMHg0NzhmZmI5ZmJlYmZiZGQzJTI1M0EweDk5ZWE1OTdhMjNmM2U2MGIlMjEyc0ltJTI1MjBaJTI1QzMlMjVCNnBmbGklMjUyMDElMjUyQyUyNTIwNjAwNCUyNTIwTHV6ZXJuJTIxNWUwJTIxM20yJTIxMXNkZSUyMTJzY2glMjE0djE2OTQwNjkxNTk4ODYlMjE1bTIlMjExc2RlJTIxMnNjaCUyMiUyMHdpZHRoJTNEJTIyMTAwJTI1JTIyJTIwaGVpZ2h0JTNEJTIyMzQ1JTIyJTIwc3R5bGUlM0QlMjJib3JkZXIlM0EwJTNCJTIyJTIwYWxsb3dmdWxsc2NyZWVuJTNEJTIyJTIyJTIwbG9hZGluZyUzRCUyMmxhenklMjIlMjByZWZlcnJlcnBvbGljeSUzRCUyMm5vLXJlZmVycmVyLXdoZW4tZG93bmdyYWRlJTIyJTNFJTNDJTJGaWZyYW1lJTNF[\/vc_raw_html][\/vc_column][\/vc_row][vc_row row_type=&#8220;row&#8220; use_row_as_full_screen_section=&#8220;yes&#8220; type=&#8220;full_width&#8220; text_align=&#8220;left&#8220; background_animation=&#8220;none&#8220; side_padding=&#8220;0&#8243; css_animation=&#8220;&#8220;][vc_column][vc_empty_space][\/vc_column][\/vc_row]<\/p>\n<\/div>","protected":false},"excerpt":{"rendered":"<p>[vc_row row_type=&#8220;row&#8220; use_row_as_full_screen_section=&#8220;yes&#8220; type=&#8220;full_width&#8220; text_align=&#8220;left&#8220; background_animation=&#8220;none&#8220; side_padding=&#8220;0&#8243; css_animation=&#8220;&#8220;][vc_column][vc_column_text] Street One Luzern [\/vc_column_text][vc_single_image image=&#8220;1324&#8243; img_size=&#8220;full&#8220; alignment=&#8220;center&#8220; qode_css_animation=&#8220;&#8220; css=&#8220;.vc_custom_1542979413970{padding-right: 0px !important;padding-left: 0px !important;background-position: center !important;background-repeat: no-repeat !important;background-size: cover !important;}&#8220;][\/vc_column][\/vc_row][vc_row row_type=&#8220;row&#8220; use_row_as_full_screen_section=&#8220;yes&#8220; type=&#8220;full_width&#8220; text_align=&#8220;left&#8220; background_animation=&#8220;none&#8220; side_padding=&#8220;0&#8243; css_animation=&#8220;&#8220;][vc_column width=&#8220;1\/2&#8243;][vc_empty_space][vc_column_text] \u00dcber Street One Luzern Street One Luzern befindet sich in&#8230;<\/p>\n","protected":false},"author":1,"featured_media":1053,"parent":710,"menu_order":0,"comment_status":"closed","ping_status":"closed","template":"","meta":{"inline_featured_image":false,"footnotes":""},"class_list":["post-1047","page","type-page","status-publish","has-post-thumbnail","hentry"],"yoast_head":"<!-- This site is optimized with the Yoast SEO plugin v27.2 - https:\/\/yoast.com\/product\/yoast-seo-wordpress\/ -->\n<title>Street One Luzern<\/title>\n<meta name=\"description\" content=\"Street One in Luzern \u2013 Besuchen Sie Street One in der Filiale in Luzern \u2013 Shopping \u2013 Kleidergesch\u00e4ft \u2013 Einkaufsm\u00f6glichkeit \u2013 Gesch\u00e4ft \u2013 Laden\" \/>\n<meta name=\"robots\" content=\"index, follow, max-snippet:-1, max-image-preview:large, max-video-preview:-1\" \/>\n<link rel=\"canonical\" href=\"https:\/\/pico-one.ch\/street-one\/filialen-schweiz\/street-one-luzern\/\" \/>\n<meta property=\"og:locale\" content=\"de_DE\" \/>\n<meta property=\"og:type\" content=\"article\" \/>\n<meta property=\"og:title\" content=\"Street One Luzern\" \/>\n<meta property=\"og:description\" content=\"Street One in Luzern \u2013 Besuchen Sie Street One in der Filiale in Luzern \u2013 Shopping \u2013 Kleidergesch\u00e4ft \u2013 Einkaufsm\u00f6glichkeit \u2013 Gesch\u00e4ft \u2013 Laden\" \/>\n<meta property=\"og:url\" content=\"https:\/\/pico-one.ch\/street-one\/filialen-schweiz\/street-one-luzern\/\" \/>\n<meta property=\"og:site_name\" content=\"Street One\" \/>\n<meta property=\"article:modified_time\" content=\"2023-09-07T07:28:23+00:00\" \/>\n<meta property=\"og:image\" content=\"https:\/\/pico-one.ch\/street-one\/wp-content\/uploads\/sites\/3\/2018\/08\/street_one_luzern-700x450.jpg\" \/>\n\t<meta property=\"og:image:width\" content=\"700\" \/>\n\t<meta property=\"og:image:height\" content=\"450\" \/>\n\t<meta property=\"og:image:type\" content=\"image\/jpeg\" \/>\n<meta name=\"twitter:card\" content=\"summary_large_image\" \/>\n<meta name=\"twitter:label1\" content=\"Gesch\u00e4tzte Lesezeit\" \/>\n\t<meta name=\"twitter:data1\" content=\"1\u00a0Minute\" \/>\n<script type=\"application\/ld+json\" class=\"yoast-schema-graph\">{\"@context\":\"https:\/\/schema.org\",\"@graph\":[{\"@type\":\"WebPage\",\"@id\":\"https:\/\/pico-one.ch\/street-one\/filialen-schweiz\/street-one-luzern\/\",\"url\":\"https:\/\/pico-one.ch\/street-one\/filialen-schweiz\/street-one-luzern\/\",\"name\":\"Street One Luzern\",\"isPartOf\":{\"@id\":\"https:\/\/pico-one.ch\/street-one\/#website\"},\"primaryImageOfPage\":{\"@id\":\"https:\/\/pico-one.ch\/street-one\/filialen-schweiz\/street-one-luzern\/#primaryimage\"},\"image\":{\"@id\":\"https:\/\/pico-one.ch\/street-one\/filialen-schweiz\/street-one-luzern\/#primaryimage\"},\"thumbnailUrl\":\"https:\/\/pico-one.ch\/street-one\/wp-content\/uploads\/sites\/3\/2018\/08\/street_one_luzern-700x450.jpg\",\"datePublished\":\"2018-08-24T10:05:36+00:00\",\"dateModified\":\"2023-09-07T07:28:23+00:00\",\"description\":\"Street One in Luzern \u2013 Besuchen Sie Street One in der Filiale in Luzern \u2013 Shopping \u2013 Kleidergesch\u00e4ft \u2013 Einkaufsm\u00f6glichkeit \u2013 Gesch\u00e4ft \u2013 Laden\",\"breadcrumb\":{\"@id\":\"https:\/\/pico-one.ch\/street-one\/filialen-schweiz\/street-one-luzern\/#breadcrumb\"},\"inLanguage\":\"de\",\"potentialAction\":[{\"@type\":\"ReadAction\",\"target\":[\"https:\/\/pico-one.ch\/street-one\/filialen-schweiz\/street-one-luzern\/\"]}]},{\"@type\":\"ImageObject\",\"inLanguage\":\"de\",\"@id\":\"https:\/\/pico-one.ch\/street-one\/filialen-schweiz\/street-one-luzern\/#primaryimage\",\"url\":\"https:\/\/pico-one.ch\/street-one\/wp-content\/uploads\/sites\/3\/2018\/08\/street_one_luzern-700x450.jpg\",\"contentUrl\":\"https:\/\/pico-one.ch\/street-one\/wp-content\/uploads\/sites\/3\/2018\/08\/street_one_luzern-700x450.jpg\",\"width\":700,\"height\":450,\"caption\":\"street-one luzern\"},{\"@type\":\"BreadcrumbList\",\"@id\":\"https:\/\/pico-one.ch\/street-one\/filialen-schweiz\/street-one-luzern\/#breadcrumb\",\"itemListElement\":[{\"@type\":\"ListItem\",\"position\":1,\"name\":\"Home\",\"item\":\"https:\/\/pico-one.ch\/street-one\/\"},{\"@type\":\"ListItem\",\"position\":2,\"name\":\"Filialen\",\"item\":\"https:\/\/pico-one.ch\/street-one\/filialen-schweiz\/\"},{\"@type\":\"ListItem\",\"position\":3,\"name\":\"Street One Luzern\"}]},{\"@type\":\"WebSite\",\"@id\":\"https:\/\/pico-one.ch\/street-one\/#website\",\"url\":\"https:\/\/pico-one.ch\/street-one\/\",\"name\":\"Street One\",\"description\":\"Street One Luzern\u2013Baden\u2013Emmenbr\u00fccke\u2013Solothurn\",\"potentialAction\":[{\"@type\":\"SearchAction\",\"target\":{\"@type\":\"EntryPoint\",\"urlTemplate\":\"https:\/\/pico-one.ch\/street-one\/?s={search_term_string}\"},\"query-input\":{\"@type\":\"PropertyValueSpecification\",\"valueRequired\":true,\"valueName\":\"search_term_string\"}}],\"inLanguage\":\"de\"}]}<\/script>\n<!-- \/ Yoast SEO plugin. -->","yoast_head_json":{"title":"Street One Luzern","description":"Street One in Luzern \u2013 Besuchen Sie Street One in der Filiale in Luzern \u2013 Shopping \u2013 Kleidergesch\u00e4ft \u2013 Einkaufsm\u00f6glichkeit \u2013 Gesch\u00e4ft \u2013 Laden","robots":{"index":"index","follow":"follow","max-snippet":"max-snippet:-1","max-image-preview":"max-image-preview:large","max-video-preview":"max-video-preview:-1"},"canonical":"https:\/\/pico-one.ch\/street-one\/filialen-schweiz\/street-one-luzern\/","og_locale":"de_DE","og_type":"article","og_title":"Street One Luzern","og_description":"Street One in Luzern \u2013 Besuchen Sie Street One in der Filiale in Luzern \u2013 Shopping \u2013 Kleidergesch\u00e4ft \u2013 Einkaufsm\u00f6glichkeit \u2013 Gesch\u00e4ft \u2013 Laden","og_url":"https:\/\/pico-one.ch\/street-one\/filialen-schweiz\/street-one-luzern\/","og_site_name":"Street One","article_modified_time":"2023-09-07T07:28:23+00:00","og_image":[{"width":700,"height":450,"url":"https:\/\/pico-one.ch\/street-one\/wp-content\/uploads\/sites\/3\/2018\/08\/street_one_luzern-700x450.jpg","type":"image\/jpeg"}],"twitter_card":"summary_large_image","twitter_misc":{"Gesch\u00e4tzte Lesezeit":"1\u00a0Minute"},"schema":{"@context":"https:\/\/schema.org","@graph":[{"@type":"WebPage","@id":"https:\/\/pico-one.ch\/street-one\/filialen-schweiz\/street-one-luzern\/","url":"https:\/\/pico-one.ch\/street-one\/filialen-schweiz\/street-one-luzern\/","name":"Street One Luzern","isPartOf":{"@id":"https:\/\/pico-one.ch\/street-one\/#website"},"primaryImageOfPage":{"@id":"https:\/\/pico-one.ch\/street-one\/filialen-schweiz\/street-one-luzern\/#primaryimage"},"image":{"@id":"https:\/\/pico-one.ch\/street-one\/filialen-schweiz\/street-one-luzern\/#primaryimage"},"thumbnailUrl":"https:\/\/pico-one.ch\/street-one\/wp-content\/uploads\/sites\/3\/2018\/08\/street_one_luzern-700x450.jpg","datePublished":"2018-08-24T10:05:36+00:00","dateModified":"2023-09-07T07:28:23+00:00","description":"Street One in Luzern \u2013 Besuchen Sie Street One in der Filiale in Luzern \u2013 Shopping \u2013 Kleidergesch\u00e4ft \u2013 Einkaufsm\u00f6glichkeit \u2013 Gesch\u00e4ft \u2013 Laden","breadcrumb":{"@id":"https:\/\/pico-one.ch\/street-one\/filialen-schweiz\/street-one-luzern\/#breadcrumb"},"inLanguage":"de","potentialAction":[{"@type":"ReadAction","target":["https:\/\/pico-one.ch\/street-one\/filialen-schweiz\/street-one-luzern\/"]}]},{"@type":"ImageObject","inLanguage":"de","@id":"https:\/\/pico-one.ch\/street-one\/filialen-schweiz\/street-one-luzern\/#primaryimage","url":"https:\/\/pico-one.ch\/street-one\/wp-content\/uploads\/sites\/3\/2018\/08\/street_one_luzern-700x450.jpg","contentUrl":"https:\/\/pico-one.ch\/street-one\/wp-content\/uploads\/sites\/3\/2018\/08\/street_one_luzern-700x450.jpg","width":700,"height":450,"caption":"street-one luzern"},{"@type":"BreadcrumbList","@id":"https:\/\/pico-one.ch\/street-one\/filialen-schweiz\/street-one-luzern\/#breadcrumb","itemListElement":[{"@type":"ListItem","position":1,"name":"Home","item":"https:\/\/pico-one.ch\/street-one\/"},{"@type":"ListItem","position":2,"name":"Filialen","item":"https:\/\/pico-one.ch\/street-one\/filialen-schweiz\/"},{"@type":"ListItem","position":3,"name":"Street One Luzern"}]},{"@type":"WebSite","@id":"https:\/\/pico-one.ch\/street-one\/#website","url":"https:\/\/pico-one.ch\/street-one\/","name":"Street One","description":"Street One Luzern\u2013Baden\u2013Emmenbr\u00fccke\u2013Solothurn","potentialAction":[{"@type":"SearchAction","target":{"@type":"EntryPoint","urlTemplate":"https:\/\/pico-one.ch\/street-one\/?s={search_term_string}"},"query-input":{"@type":"PropertyValueSpecification","valueRequired":true,"valueName":"search_term_string"}}],"inLanguage":"de"}]}},"_links":{"self":[{"href":"https:\/\/pico-one.ch\/street-one\/wp-json\/wp\/v2\/pages\/1047","targetHints":{"allow":["GET"]}}],"collection":[{"href":"https:\/\/pico-one.ch\/street-one\/wp-json\/wp\/v2\/pages"}],"about":[{"href":"https:\/\/pico-one.ch\/street-one\/wp-json\/wp\/v2\/types\/page"}],"author":[{"embeddable":true,"href":"https:\/\/pico-one.ch\/street-one\/wp-json\/wp\/v2\/users\/1"}],"replies":[{"embeddable":true,"href":"https:\/\/pico-one.ch\/street-one\/wp-json\/wp\/v2\/comments?post=1047"}],"version-history":[{"count":69,"href":"https:\/\/pico-one.ch\/street-one\/wp-json\/wp\/v2\/pages\/1047\/revisions"}],"predecessor-version":[{"id":1892,"href":"https:\/\/pico-one.ch\/street-one\/wp-json\/wp\/v2\/pages\/1047\/revisions\/1892"}],"up":[{"embeddable":true,"href":"https:\/\/pico-one.ch\/street-one\/wp-json\/wp\/v2\/pages\/710"}],"wp:featuredmedia":[{"embeddable":true,"href":"https:\/\/pico-one.ch\/street-one\/wp-json\/wp\/v2\/media\/1053"}],"wp:attachment":[{"href":"https:\/\/pico-one.ch\/street-one\/wp-json\/wp\/v2\/media?parent=1047"}],"curies":[{"name":"wp","href":"https:\/\/api.w.org\/{rel}","templated":true}]}}