{"id":706,"date":"2017-08-20T12:15:54","date_gmt":"2017-08-20T10:15:54","guid":{"rendered":"https:\/\/pico-one.ch\/streetone\/?page_id=706"},"modified":"2024-03-19T17:36:18","modified_gmt":"2024-03-19T16:36:18","slug":"kollektion","status":"publish","type":"page","link":"https:\/\/pico-one.ch\/cecil\/","title":{"rendered":"Home"},"content":{"rendered":"<div class=\"wpb-content-wrapper\"><p>[vc_row row_type=&#8220;row&#8220; use_row_as_full_screen_section=&#8220;no&#8220; type=&#8220;full_width&#8220; text_align=&#8220;left&#8220; background_animation=&#8220;none&#8220; css_animation=&#8220;&#8220;][vc_column][vc_raw_html]JTNDYSUyMGRhdGEtcV9pZCUzRCUyMiUyM2NvbnRlbnQlMjIlMjBjbGFzcyUzRCUyMmFuY2hvci1jb250ZW50JTIyJTNFJTNDJTJGYSUzRQ==[\/vc_raw_html][vc_empty_space height=&#8220;35px&#8220;][\/vc_column][\/vc_row][vc_row row_type=&#8220;row&#8220; use_row_as_full_screen_section=&#8220;no&#8220; type=&#8220;full_width&#8220; text_align=&#8220;left&#8220; background_animation=&#8220;none&#8220; css_animation=&#8220;&#8220;][vc_column width=&#8220;1\/2&#8243;][vc_column_text]<img loading=\"lazy\" decoding=\"async\" class=\" wp-image-1842\" src=\"https:\/\/pico-one.ch\/cecil\/wp-content\/uploads\/sites\/2\/2024\/03\/cecil-0324-200x300.jpg\" alt=\"\" width=\"533\" height=\"800\" srcset=\"https:\/\/pico-one.ch\/cecil\/wp-content\/uploads\/sites\/2\/2024\/03\/cecil-0324-200x300.jpg 200w, https:\/\/pico-one.ch\/cecil\/wp-content\/uploads\/sites\/2\/2024\/03\/cecil-0324-683x1024.jpg 683w, https:\/\/pico-one.ch\/cecil\/wp-content\/uploads\/sites\/2\/2024\/03\/cecil-0324-768x1151.jpg 768w, https:\/\/pico-one.ch\/cecil\/wp-content\/uploads\/sites\/2\/2024\/03\/cecil-0324-700x1049.jpg 700w, https:\/\/pico-one.ch\/cecil\/wp-content\/uploads\/sites\/2\/2024\/03\/cecil-0324.jpg 1001w\" sizes=\"auto, (max-width: 533px) 100vw, 533px\" \/><\/p>\n<p>&nbsp;<\/p>\n<p><img loading=\"lazy\" decoding=\"async\" class=\" wp-image-1846\" src=\"https:\/\/pico-one.ch\/cecil\/wp-content\/uploads\/sites\/2\/2024\/03\/cecil-0324-8-copy-196x300.jpg\" alt=\"\" width=\"531\" height=\"813\" srcset=\"https:\/\/pico-one.ch\/cecil\/wp-content\/uploads\/sites\/2\/2024\/03\/cecil-0324-8-copy-196x300.jpg 196w, https:\/\/pico-one.ch\/cecil\/wp-content\/uploads\/sites\/2\/2024\/03\/cecil-0324-8-copy-670x1024.jpg 670w, https:\/\/pico-one.ch\/cecil\/wp-content\/uploads\/sites\/2\/2024\/03\/cecil-0324-8-copy-700x1070.jpg 700w, https:\/\/pico-one.ch\/cecil\/wp-content\/uploads\/sites\/2\/2024\/03\/cecil-0324-8-copy.jpg 740w\" sizes=\"auto, (max-width: 531px) 100vw, 531px\" \/>[\/vc_column_text][\/vc_column][vc_column width=&#8220;1\/2&#8243;][vc_column_text]<\/p>\n<h1>Neue Kollektionen<\/h1>\n<h2>CECIL by PicoOne<\/h2>\n<p>Entdecke unsere neueste Kollektion, die Eleganz und zeitlose Raffinesse vereint. Jedes St\u00fcck erz\u00e4hlt eine Geschichte von handwerklichem K\u00f6nnen und kreativer Innovation. Lass dich von hochwertigen Materialien und einzigartigem Design verf\u00fchren. Diese Kollektion verk\u00f6rpert Stil, Selbstbewusstsein und die Sch\u00f6nheit der Individualit\u00e4t. Willkommen in einer Welt, in der Mode zur Kunst wird.<br \/>\n<a href=\"https:\/\/pico-one.ch\/cecil\/filialen-schweiz\/\"><button class=\"cta1\"><i class=\"fas fa-map-marker-alt\"><\/i> Standorte<\/button><\/a><\/p>\n<p>&nbsp;<\/p>\n<p><img loading=\"lazy\" decoding=\"async\" class=\" wp-image-1838\" src=\"https:\/\/pico-one.ch\/cecil\/wp-content\/uploads\/sites\/2\/2024\/03\/cecil-0324-4-300x200.jpg\" alt=\"\" width=\"670\" height=\"447\" srcset=\"https:\/\/pico-one.ch\/cecil\/wp-content\/uploads\/sites\/2\/2024\/03\/cecil-0324-4-300x200.jpg 300w, https:\/\/pico-one.ch\/cecil\/wp-content\/uploads\/sites\/2\/2024\/03\/cecil-0324-4-1024x683.jpg 1024w, https:\/\/pico-one.ch\/cecil\/wp-content\/uploads\/sites\/2\/2024\/03\/cecil-0324-4-768x513.jpg 768w, https:\/\/pico-one.ch\/cecil\/wp-content\/uploads\/sites\/2\/2024\/03\/cecil-0324-4-700x467.jpg 700w, https:\/\/pico-one.ch\/cecil\/wp-content\/uploads\/sites\/2\/2024\/03\/cecil-0324-4-1100x734.jpg 1100w, https:\/\/pico-one.ch\/cecil\/wp-content\/uploads\/sites\/2\/2024\/03\/cecil-0324-4.jpg 1500w\" sizes=\"auto, (max-width: 670px) 100vw, 670px\" \/><\/p>\n<p>&nbsp;<\/p>\n<p>&nbsp;<\/p>\n<p>&nbsp;<\/p>\n<p>&nbsp;<\/p>\n<p><img loading=\"lazy\" decoding=\"async\" class=\" wp-image-1845\" src=\"https:\/\/pico-one.ch\/cecil\/wp-content\/uploads\/sites\/2\/2024\/03\/cecil-0324-9-300x200.jpg\" alt=\"\" width=\"628\" height=\"418\" srcset=\"https:\/\/pico-one.ch\/cecil\/wp-content\/uploads\/sites\/2\/2024\/03\/cecil-0324-9-300x200.jpg 300w, https:\/\/pico-one.ch\/cecil\/wp-content\/uploads\/sites\/2\/2024\/03\/cecil-0324-9-1024x683.jpg 1024w, https:\/\/pico-one.ch\/cecil\/wp-content\/uploads\/sites\/2\/2024\/03\/cecil-0324-9-768x512.jpg 768w, https:\/\/pico-one.ch\/cecil\/wp-content\/uploads\/sites\/2\/2024\/03\/cecil-0324-9-700x467.jpg 700w, https:\/\/pico-one.ch\/cecil\/wp-content\/uploads\/sites\/2\/2024\/03\/cecil-0324-9-1100x734.jpg 1100w, https:\/\/pico-one.ch\/cecil\/wp-content\/uploads\/sites\/2\/2024\/03\/cecil-0324-9.jpg 1417w\" sizes=\"auto, (max-width: 628px) 100vw, 628px\" \/><\/p>\n<p>&nbsp;<\/p>\n<p>&nbsp;<\/p>\n<p>&nbsp;<\/p>\n<p>&nbsp;<\/p>\n<p><img loading=\"lazy\" decoding=\"async\" class=\" wp-image-1840\" src=\"https:\/\/pico-one.ch\/cecil\/wp-content\/uploads\/sites\/2\/2024\/03\/cecil-0324-7-300x200.jpg\" alt=\"\" width=\"620\" height=\"414\" srcset=\"https:\/\/pico-one.ch\/cecil\/wp-content\/uploads\/sites\/2\/2024\/03\/cecil-0324-7-300x200.jpg 300w, https:\/\/pico-one.ch\/cecil\/wp-content\/uploads\/sites\/2\/2024\/03\/cecil-0324-7-1024x683.jpg 1024w, https:\/\/pico-one.ch\/cecil\/wp-content\/uploads\/sites\/2\/2024\/03\/cecil-0324-7-768x512.jpg 768w, https:\/\/pico-one.ch\/cecil\/wp-content\/uploads\/sites\/2\/2024\/03\/cecil-0324-7-1536x1025.jpg 1536w, https:\/\/pico-one.ch\/cecil\/wp-content\/uploads\/sites\/2\/2024\/03\/cecil-0324-7-700x467.jpg 700w, https:\/\/pico-one.ch\/cecil\/wp-content\/uploads\/sites\/2\/2024\/03\/cecil-0324-7-1100x734.jpg 1100w, https:\/\/pico-one.ch\/cecil\/wp-content\/uploads\/sites\/2\/2024\/03\/cecil-0324-7.jpg 1956w\" sizes=\"auto, (max-width: 620px) 100vw, 620px\" \/>[\/vc_column_text][\/vc_column][\/vc_row][vc_row row_type=&#8220;row&#8220; use_row_as_full_screen_section=&#8220;no&#8220; type=&#8220;full_width&#8220; text_align=&#8220;left&#8220; background_animation=&#8220;none&#8220; css_animation=&#8220;&#8220;][vc_column][vc_empty_space height=&#8220;64px&#8220;][\/vc_column][\/vc_row]<\/p>\n<\/div>","protected":false},"excerpt":{"rendered":"<p>[vc_row row_type=&#8220;row&#8220; use_row_as_full_screen_section=&#8220;no&#8220; type=&#8220;full_width&#8220; text_align=&#8220;left&#8220; background_animation=&#8220;none&#8220; css_animation=&#8220;&#8220;][vc_column][vc_raw_html]JTNDYSUyMGRhdGEtcV9pZCUzRCUyMiUyM2NvbnRlbnQlMjIlMjBjbGFzcyUzRCUyMmFuY2hvci1jb250ZW50JTIyJTNFJTNDJTJGYSUzRQ==[\/vc_raw_html][vc_empty_space height=&#8220;35px&#8220;][\/vc_column][\/vc_row][vc_row row_type=&#8220;row&#8220; use_row_as_full_screen_section=&#8220;no&#8220; type=&#8220;full_width&#8220; text_align=&#8220;left&#8220; background_animation=&#8220;none&#8220; css_animation=&#8220;&#8220;][vc_column width=&#8220;1\/2&#8243;][vc_column_text] &nbsp; [\/vc_column_text][\/vc_column][vc_column width=&#8220;1\/2&#8243;][vc_column_text] Neue Kollektionen CECIL by PicoOne Entdecke unsere neueste Kollektion, die Eleganz und zeitlose Raffinesse vereint. Jedes St\u00fcck erz\u00e4hlt eine Geschichte von handwerklichem K\u00f6nnen und kreativer Innovation. Lass&#8230;<\/p>\n","protected":false},"author":8,"featured_media":0,"parent":0,"menu_order":0,"comment_status":"closed","ping_status":"closed","template":"","meta":{"inline_featured_image":false,"footnotes":""},"class_list":["post-706","page","type-page","status-publish","hentry"],"yoast_head":"<!-- This site is optimized with the Yoast SEO plugin v27.2 - https:\/\/yoast.com\/product\/yoast-seo-wordpress\/ -->\n<title>Home - Cecil<\/title>\n<meta name=\"description\" content=\"Cecil - Bequeme Damenmode zum Wohlf\u00fchlen\" \/>\n<meta name=\"robots\" content=\"index, follow, max-snippet:-1, max-image-preview:large, max-video-preview:-1\" \/>\n<link rel=\"canonical\" href=\"https:\/\/pico-one.ch\/cecil\/\" \/>\n<meta property=\"og:locale\" content=\"de_DE\" \/>\n<meta property=\"og:type\" content=\"article\" \/>\n<meta property=\"og:title\" content=\"Home - Cecil\" \/>\n<meta property=\"og:description\" content=\"Cecil - Bequeme Damenmode zum Wohlf\u00fchlen\" \/>\n<meta property=\"og:url\" content=\"https:\/\/pico-one.ch\/cecil\/\" \/>\n<meta property=\"og:site_name\" content=\"Cecil\" \/>\n<meta property=\"article:modified_time\" content=\"2024-03-19T16:36:18+00:00\" \/>\n<meta property=\"og:image\" content=\"https:\/\/pico-one.ch\/cecil\/wp-content\/uploads\/sites\/2\/2024\/03\/cecil-0324-200x300.jpg\" \/>\n<meta name=\"twitter:card\" content=\"summary_large_image\" \/>\n<meta name=\"twitter:label1\" content=\"Gesch\u00e4tzte Lesezeit\" \/>\n\t<meta name=\"twitter:data1\" content=\"2\u00a0Minuten\" \/>\n<script type=\"application\/ld+json\" class=\"yoast-schema-graph\">{\"@context\":\"https:\/\/schema.org\",\"@graph\":[{\"@type\":\"WebPage\",\"@id\":\"https:\/\/pico-one.ch\/cecil\/\",\"url\":\"https:\/\/pico-one.ch\/cecil\/\",\"name\":\"Home - Cecil\",\"isPartOf\":{\"@id\":\"https:\/\/pico-one.ch\/cecil\/#website\"},\"primaryImageOfPage\":{\"@id\":\"https:\/\/pico-one.ch\/cecil\/#primaryimage\"},\"image\":{\"@id\":\"https:\/\/pico-one.ch\/cecil\/#primaryimage\"},\"thumbnailUrl\":\"https:\/\/pico-one.ch\/cecil\/wp-content\/uploads\/sites\/2\/2024\/03\/cecil-0324-200x300.jpg\",\"datePublished\":\"2017-08-20T10:15:54+00:00\",\"dateModified\":\"2024-03-19T16:36:18+00:00\",\"description\":\"Cecil - Bequeme Damenmode zum Wohlf\u00fchlen\",\"breadcrumb\":{\"@id\":\"https:\/\/pico-one.ch\/cecil\/#breadcrumb\"},\"inLanguage\":\"de\",\"potentialAction\":[{\"@type\":\"ReadAction\",\"target\":[\"https:\/\/pico-one.ch\/cecil\/\"]}]},{\"@type\":\"ImageObject\",\"inLanguage\":\"de\",\"@id\":\"https:\/\/pico-one.ch\/cecil\/#primaryimage\",\"url\":\"https:\/\/pico-one.ch\/cecil\/wp-content\/uploads\/sites\/2\/2024\/03\/cecil-0324.jpg\",\"contentUrl\":\"https:\/\/pico-one.ch\/cecil\/wp-content\/uploads\/sites\/2\/2024\/03\/cecil-0324.jpg\",\"width\":1001,\"height\":1500,\"caption\":\"Kampagnenbild\"},{\"@type\":\"BreadcrumbList\",\"@id\":\"https:\/\/pico-one.ch\/cecil\/#breadcrumb\",\"itemListElement\":[{\"@type\":\"ListItem\",\"position\":1,\"name\":\"Home\",\"item\":\"https:\/\/pico-one.ch\/cecil\/\"},{\"@type\":\"ListItem\",\"position\":2,\"name\":\"Home\"}]},{\"@type\":\"WebSite\",\"@id\":\"https:\/\/pico-one.ch\/cecil\/#website\",\"url\":\"https:\/\/pico-one.ch\/cecil\/\",\"name\":\"Cecil\",\"description\":\"Cecil by Pico One\",\"potentialAction\":[{\"@type\":\"SearchAction\",\"target\":{\"@type\":\"EntryPoint\",\"urlTemplate\":\"https:\/\/pico-one.ch\/cecil\/?s={search_term_string}\"},\"query-input\":{\"@type\":\"PropertyValueSpecification\",\"valueRequired\":true,\"valueName\":\"search_term_string\"}}],\"inLanguage\":\"de\"}]}<\/script>\n<!-- \/ Yoast SEO plugin. -->","yoast_head_json":{"title":"Home - Cecil","description":"Cecil - Bequeme Damenmode zum Wohlf\u00fchlen","robots":{"index":"index","follow":"follow","max-snippet":"max-snippet:-1","max-image-preview":"max-image-preview:large","max-video-preview":"max-video-preview:-1"},"canonical":"https:\/\/pico-one.ch\/cecil\/","og_locale":"de_DE","og_type":"article","og_title":"Home - Cecil","og_description":"Cecil - Bequeme Damenmode zum Wohlf\u00fchlen","og_url":"https:\/\/pico-one.ch\/cecil\/","og_site_name":"Cecil","article_modified_time":"2024-03-19T16:36:18+00:00","og_image":[{"url":"https:\/\/pico-one.ch\/cecil\/wp-content\/uploads\/sites\/2\/2024\/03\/cecil-0324-200x300.jpg","type":"","width":"","height":""}],"twitter_card":"summary_large_image","twitter_misc":{"Gesch\u00e4tzte Lesezeit":"2\u00a0Minuten"},"schema":{"@context":"https:\/\/schema.org","@graph":[{"@type":"WebPage","@id":"https:\/\/pico-one.ch\/cecil\/","url":"https:\/\/pico-one.ch\/cecil\/","name":"Home - Cecil","isPartOf":{"@id":"https:\/\/pico-one.ch\/cecil\/#website"},"primaryImageOfPage":{"@id":"https:\/\/pico-one.ch\/cecil\/#primaryimage"},"image":{"@id":"https:\/\/pico-one.ch\/cecil\/#primaryimage"},"thumbnailUrl":"https:\/\/pico-one.ch\/cecil\/wp-content\/uploads\/sites\/2\/2024\/03\/cecil-0324-200x300.jpg","datePublished":"2017-08-20T10:15:54+00:00","dateModified":"2024-03-19T16:36:18+00:00","description":"Cecil - Bequeme Damenmode zum Wohlf\u00fchlen","breadcrumb":{"@id":"https:\/\/pico-one.ch\/cecil\/#breadcrumb"},"inLanguage":"de","potentialAction":[{"@type":"ReadAction","target":["https:\/\/pico-one.ch\/cecil\/"]}]},{"@type":"ImageObject","inLanguage":"de","@id":"https:\/\/pico-one.ch\/cecil\/#primaryimage","url":"https:\/\/pico-one.ch\/cecil\/wp-content\/uploads\/sites\/2\/2024\/03\/cecil-0324.jpg","contentUrl":"https:\/\/pico-one.ch\/cecil\/wp-content\/uploads\/sites\/2\/2024\/03\/cecil-0324.jpg","width":1001,"height":1500,"caption":"Kampagnenbild"},{"@type":"BreadcrumbList","@id":"https:\/\/pico-one.ch\/cecil\/#breadcrumb","itemListElement":[{"@type":"ListItem","position":1,"name":"Home","item":"https:\/\/pico-one.ch\/cecil\/"},{"@type":"ListItem","position":2,"name":"Home"}]},{"@type":"WebSite","@id":"https:\/\/pico-one.ch\/cecil\/#website","url":"https:\/\/pico-one.ch\/cecil\/","name":"Cecil","description":"Cecil by Pico One","potentialAction":[{"@type":"SearchAction","target":{"@type":"EntryPoint","urlTemplate":"https:\/\/pico-one.ch\/cecil\/?s={search_term_string}"},"query-input":{"@type":"PropertyValueSpecification","valueRequired":true,"valueName":"search_term_string"}}],"inLanguage":"de"}]}},"_links":{"self":[{"href":"https:\/\/pico-one.ch\/cecil\/wp-json\/wp\/v2\/pages\/706","targetHints":{"allow":["GET"]}}],"collection":[{"href":"https:\/\/pico-one.ch\/cecil\/wp-json\/wp\/v2\/pages"}],"about":[{"href":"https:\/\/pico-one.ch\/cecil\/wp-json\/wp\/v2\/types\/page"}],"author":[{"embeddable":true,"href":"https:\/\/pico-one.ch\/cecil\/wp-json\/wp\/v2\/users\/8"}],"replies":[{"embeddable":true,"href":"https:\/\/pico-one.ch\/cecil\/wp-json\/wp\/v2\/comments?post=706"}],"version-history":[{"count":43,"href":"https:\/\/pico-one.ch\/cecil\/wp-json\/wp\/v2\/pages\/706\/revisions"}],"predecessor-version":[{"id":1859,"href":"https:\/\/pico-one.ch\/cecil\/wp-json\/wp\/v2\/pages\/706\/revisions\/1859"}],"wp:attachment":[{"href":"https:\/\/pico-one.ch\/cecil\/wp-json\/wp\/v2\/media?parent=706"}],"curies":[{"name":"wp","href":"https:\/\/api.w.org\/{rel}","templated":true}]}}